{"id":85,"date":"2012-05-15T08:32:47","date_gmt":"2012-05-15T07:32:47","guid":{"rendered":"http:\/\/www2.unibas.it\/parente\/wordpress\/?page_id=85"},"modified":"2017-11-27T12:31:01","modified_gmt":"2017-11-27T11:31:01","slug":"la-collezioneculture-collection","status":"publish","type":"page","link":"https:\/\/web.unibas.it\/parente\/?page_id=85","title":{"rendered":"La collezione\/Culture collection"},"content":{"rendered":"<p>Il laboratorio di Microbiologia Industriale mantiene una collezione di microrganismi provenienti da collezioni di colture e isolati da alimenti fermentati o dall&#8217;ambiente. La consistenza attuale della collezione \u00e8 di 1342 ceppi, conservati prevalentemente in forma liofilizzata.<\/p>\n<p>The Laboratory of Industrial Microbiology maintains a culture collection obtained from international culture collections and isolated from fermented foods. As of 27\/11\/2017, 1342 freeze dried strains are maintained in our collection.<\/p>\n<p><strong>Un po&#8217; di storia.<\/strong><\/p>\n<p>A partire dal 1991 i ricercatori e docenti dell\u2019Area di Microbiologia hanno cominciato a raccogliere ceppi di microrganismi ottenuti in programmi di isolamento da alimenti finanziati con progetti di ricerca di interesse locale (Regione Basilicata, ex MURST60%) o nazionale (PRIN, POM, ENEA) o da collezioni di colture. Dal 1999 la collezione \u00e8 stata definitivamente organizzata inserendo tutti i ceppi in un database. Attualmente la collezione ha una consistenza di circa 900 ceppi selezionati fra oltre 6000 isolati provenienti da cibi fermentati tipici della Basilicata e di altre regioni meridionali. Oltre a 140 ceppi di riferimento provenienti da collezioni di colture nazionali ed internazionali la collezione comprende ceppi provenienti da formaggi (Provolone, Caciocavallo, Pecorino, etc.), da salumi (prevalentemente da Salsiccia e Soppressata lucana), da impasti per la produzione di pani tipici (Cornetto di Matera, Pane di Altamura), da vino Aglianico e numerosi ceppi di interesse industriale. I ceppi sono conservati in forma liofilizzata e, per tutti i ceppi isolati da alimenti fermentati, sono disponibili informazioni sulle caratteristiche tecnologiche degli isolati. La collezione comprende tutte le colture starter selezionate per la produzione di formaggi, salumi e pani tipici lucani, molte delle quali sono gi\u00e0 state testate in lavorazioni pilota nel corso di progetti di ricerca svolti in collaborazione con l\u2019ALSIA, con l\u2019ENEA o nell&#8217;ambito di progetti finanziati con fondi locali (Basilicata Innovazione, Misura 124HC) o nazionali (PRIN, FIRB).<\/p>\n<p><strong>Il database.<\/strong><\/p>\n<p>L\u2019aumento della consistenza della collezione e delle informazioni ad essa collegate ci ha spinto a creare un database per organizzare i dati e renderli facilmente disponibili ad utenti esterni. Il database \u00e8 stato realizzato dal Prof. Eugenio Parente utilizzando FileMakerPro 7; dal momento che il progetto finanziato dalla Regione \u00e8 terminato, il database non \u00e8 pi\u00f9 pubblicamente disponibile.<\/p>\n<p>La collezione \u00e8 prevalentemente una collezione di lavoro, ma \u00e8 in grado di fornire i seguenti servizi (per le modalit\u00e0 di accesso contattare la Prof.ssa Annamaria Ricciardi ):<\/p>\n<p>a. <strong>conservazione di colture naturali<\/strong>: Le colture naturali (in siero e in latte, utilizzate per la produzione dei formaggi; madri acide utilizzate per la produzione di pani tipici) costituiscono uno dei principali fattori di tipicit\u00e0 dei prodotti alimentari tradizionali ma sono soggette a notevoli fluttuazioni della composizione (a causa della variazione della composizione del latte in ingresso, della presenza di antibiotici e fagi, delle condizioni di trasformazione, etc.) e delle performance tecnologiche, che ne possono causare il fallimento e che possono richiedere tempi lunghi per il ripristino delle attivit\u00e0 della coltura. La disponibilit\u00e0 di stock della coltura pu\u00f2 consentire una rapida ripresa delle attivit\u00e0, con il mantenimento delle caratteristiche di tipicit\u00e0 del prodotto. Il servizio prevede l\u2019allestimento di stock congelati (che verranno conservati presso il Laboratorio di Microbiologia Industriale) e liofilizzati (10 fiale, che verranno conservate presso il laboratorio e forniti al committente), la rivitalizzazione degli stock e la fornitura di una quantit\u00e0 di coltura non superiore a 2 litri, su richiesta del committente (non oltre 2 volte all\u2019anno). Il servizio di conservazione ha un costo annuale che varia da 200 a 500 \u20ac+IVA 20% (in funzione della durata del servizio e del numero di colture da conservare per singolo committente). In aggiunta a questo servizio gli utenti possono richiedere una caratterizzazione microbiologica e tecnologica della coltura, con costi variabili fra 500 e 5000 \u20ac in funzione delle tipologie di analisi richieste.<\/p>\n<p>b. <strong>distribuzione di ceppi<\/strong>: La collezione ha un servizio di distribuzione di ceppi (in forma liofilizzata). I ceppi vengono in genere distribuiti in forma gratuita ad istituzioni pubbliche di ricerca (sulla base di un rapporto di reciprocit\u00e0, cio\u00e8 in corrispondenza della cessione di un pari numero di ceppi da parte del ricevente) e a pagamento a aziende o enti pubblici e privati la cui finalit\u00e0 principale non sia la ricerca scientifica. La cessione dei ceppi della collezione avviene in ogni caso sulla base di condizioni di uso non esclusivo: la propriet\u00e0 intellettuale del ceppo e delle sue applicazioni non viene ceduta insieme al ceppo e i riceventi devono impegnarsi a tenere informato il Dipartimento dell&#8217;eventuale sviluppo di applicazioni commerciali. Per la cessione dei ceppi ad aziende o istituzioni private viene applicato un prezzo di 500 \u20ac\/ceppo+IVA 20% per la cessione del solo ceppo e di 200 \u20ac\/ceppo + IVA per la cessione delle informazioni tassonomiche, fisiologiche e tecnologiche disponibili. L&#8217;importo minimo fatturabile \u00e8 2000 \u20ac+IVA.<\/p>\n<p>c. <strong>produzione e distribuzione di colture starter selezionate<\/strong>: Il laboratorio di microbiologia industriale dispone di sistemi di fermentazione per la produzione di colture concentrate e pu\u00f2 fornire colture selezionate per la produzione a livello pilota di formaggi, salumi o impasti acidi in forma liquida o in pasta, sotto forma di colture refrigerate o congelate. Il costo del servizio deve essere concordato con il responsabile del laboratorio ed \u00e8 fortemente dipendente dal volume di coltura richiesto.<\/p>\n","protected":false},"excerpt":{"rendered":"<p>Il laboratorio di Microbiologia Industriale mantiene una collezione di microrganismi provenienti da collezioni di colture e isolati da alimenti fermentati o dall&#8217;ambiente. La consistenza attuale della collezione \u00e8 di 1342 ceppi, conservati prevalentemente in forma liofilizzata. The Laboratory of Industrial &hellip; <a href=\"https:\/\/web.unibas.it\/parente\/?page_id=85\">Continue reading <span class=\"meta-nav\">&rarr;<\/span><\/a><\/p>\n","protected":false},"author":1,"featured_media":0,"parent":32,"menu_order":0,"comment_status":"closed","ping_status":"open","template":"","meta":{"footnotes":""},"class_list":["post-85","page","type-page","status-publish","hentry"],"_links":{"self":[{"href":"https:\/\/web.unibas.it\/parente\/index.php?rest_route=\/wp\/v2\/pages\/85","targetHints":{"allow":["GET"]}}],"collection":[{"href":"https:\/\/web.unibas.it\/parente\/index.php?rest_route=\/wp\/v2\/pages"}],"about":[{"href":"https:\/\/web.unibas.it\/parente\/index.php?rest_route=\/wp\/v2\/types\/page"}],"author":[{"embeddable":true,"href":"https:\/\/web.unibas.it\/parente\/index.php?rest_route=\/wp\/v2\/users\/1"}],"replies":[{"embeddable":true,"href":"https:\/\/web.unibas.it\/parente\/index.php?rest_route=%2Fwp%2Fv2%2Fcomments&post=85"}],"version-history":[{"count":6,"href":"https:\/\/web.unibas.it\/parente\/index.php?rest_route=\/wp\/v2\/pages\/85\/revisions"}],"predecessor-version":[{"id":1317,"href":"https:\/\/web.unibas.it\/parente\/index.php?rest_route=\/wp\/v2\/pages\/85\/revisions\/1317"}],"up":[{"embeddable":true,"href":"https:\/\/web.unibas.it\/parente\/index.php?rest_route=\/wp\/v2\/pages\/32"}],"wp:attachment":[{"href":"https:\/\/web.unibas.it\/parente\/index.php?rest_route=%2Fwp%2Fv2%2Fmedia&parent=85"}],"curies":[{"name":"wp","href":"https:\/\/api.w.org\/{rel}","templated":true}]}}