{"id":26,"date":"2012-04-05T12:55:28","date_gmt":"2012-04-05T12:55:28","guid":{"rendered":"http:\/\/www2.unibas.it\/parente\/wordpress\/?page_id=26"},"modified":"2020-04-14T08:58:53","modified_gmt":"2020-04-14T07:58:53","slug":"ricercaresearch","status":"publish","type":"page","link":"https:\/\/web.unibas.it\/parente\/?page_id=26","title":{"rendered":"Ricerca\/Research"},"content":{"rendered":"<p>Il laboratorio di microbiologia industriale \u00e8 una delle strutture della Scuola di Scienze Agrarie, Forestali, Alimentari ed Ambientali dell&#8217;Universit\u00e0 della Basilicata. Il laboratorio ospita sia attivit\u00e0 di ricerca (caratterizzazione ed uso di batteri lattici nelle fermentazioni alimentari e produzione di colture starter; comprensione e sfruttamento della risposta allo stress in microrganismi utili; produzione di metaboliti microbici da batteri, lieviti e muffe; ecologia microbica degli alimenti; microbiologia predittiva; applicazioni di metodi statistici multivariati alle scienze e tecnologie alimentari e alla microbiologia) che attivit\u00e0 di didattica (svolgimento di tesi di laurea per studenti dei corsi di laurea triennale e magistrale e di Dottorato di Ricerca). Inoltre il laboratorio pu\u00f2 svolgere attivit\u00e0 di servizio per Enti pubblici ed imprese.<\/p>\n<p>Per maggiori informazioni sulle attivit\u00e0 di ricerca passate (fino al 2013) clicca <a href=\"http:\/\/web.unibas.it\/parente\/?page_id=322\">qui<\/a>. Per maggiori\u00a0 informazioni sulle attivit\u00e0 di ricerca recenti clicca <a href=\"http:\/\/web.unibas.it\/parente\/?page_id=369\">qui<\/a>. Per maggiori informazioni sull&#8217;attivit\u00e0 di supporto ad enti pubblici ed imprese clicca <a href=\"http:\/\/web.unibas.it\/parente\/?page_id=81\">qui<\/a>.<\/p>\n<p>Le attivit\u00e0 del laboratorio sono coordinate dalla Dott.ssa Annamaria Ricciardi, e sono svolte da uno <a title=\"Persone\/People\" href=\"http:\/\/web.unibas.it\/parente\/?page_id=35\">staff<\/a> composto da docenti, dottorandi, assegnisti di ricerca,\u00a0studenti, e tecnici. Collabora alle attivit\u00e0 il Prof. Eugenio Parente, Dipartimento di Scienze.<\/p>\n<p><a href=\"https:\/\/www.youtube.com\/watch?v=Zb3cXC6Fm5U\">Qui<\/a> e <a href=\"https:\/\/www.youtube.com\/watch?v=ABEnnQuYtAE\">qui<\/a> due video sul laboratorio di microbiologia industriale.<\/p>\n","protected":false},"excerpt":{"rendered":"<p>Il laboratorio di microbiologia industriale \u00e8 una delle strutture della Scuola di Scienze Agrarie, Forestali, Alimentari ed Ambientali dell&#8217;Universit\u00e0 della Basilicata. Il laboratorio ospita sia attivit\u00e0 di ricerca (caratterizzazione ed uso di batteri lattici nelle fermentazioni alimentari e produzione di &hellip; <a href=\"https:\/\/web.unibas.it\/parente\/?page_id=26\">Continue reading <span class=\"meta-nav\">&rarr;<\/span><\/a><\/p>\n","protected":false},"author":1,"featured_media":0,"parent":0,"menu_order":0,"comment_status":"closed","ping_status":"open","template":"","meta":{"footnotes":""},"class_list":["post-26","page","type-page","status-publish","hentry"],"_links":{"self":[{"href":"https:\/\/web.unibas.it\/parente\/index.php?rest_route=\/wp\/v2\/pages\/26","targetHints":{"allow":["GET"]}}],"collection":[{"href":"https:\/\/web.unibas.it\/parente\/index.php?rest_route=\/wp\/v2\/pages"}],"about":[{"href":"https:\/\/web.unibas.it\/parente\/index.php?rest_route=\/wp\/v2\/types\/page"}],"author":[{"embeddable":true,"href":"https:\/\/web.unibas.it\/parente\/index.php?rest_route=\/wp\/v2\/users\/1"}],"replies":[{"embeddable":true,"href":"https:\/\/web.unibas.it\/parente\/index.php?rest_route=%2Fwp%2Fv2%2Fcomments&post=26"}],"version-history":[{"count":6,"href":"https:\/\/web.unibas.it\/parente\/index.php?rest_route=\/wp\/v2\/pages\/26\/revisions"}],"predecessor-version":[{"id":1667,"href":"https:\/\/web.unibas.it\/parente\/index.php?rest_route=\/wp\/v2\/pages\/26\/revisions\/1667"}],"wp:attachment":[{"href":"https:\/\/web.unibas.it\/parente\/index.php?rest_route=%2Fwp%2Fv2%2Fmedia&parent=26"}],"curies":[{"name":"wp","href":"https:\/\/api.w.org\/{rel}","templated":true}]}}