{"id":1558,"date":"2019-07-17T15:06:38","date_gmt":"2019-07-17T14:06:38","guid":{"rendered":"http:\/\/www2.unibas.it\/parente\/wordpress\/?page_id=1558"},"modified":"2021-09-21T11:04:07","modified_gmt":"2021-09-21T10:04:07","slug":"mal12-microbiologia-degli-alimenti-12-cfu","status":"publish","type":"page","link":"https:\/\/web.unibas.it\/parente\/?page_id=1558","title":{"rendered":"MAL12 &#8211; Microbiologia degli alimenti 12 cfu"},"content":{"rendered":"\n<p>Questo \u00e8 un corso di base di microbiologia degli alimenti e ha lo scopo di fornire ai futuri tecnologi alimentari le conoscenze e le capacit\u00e0 di base per la gestione della qualit\u00e0 microbiologica degli alimenti. Tutte le informazioni sono disponibili sulla <a href=\"http:\/\/docenti.unibas.it\/site\/home\/docente\/didattica\/corso.html?m=000217&amp;anno=2021&amp;g=AGR0034&amp;c=0421&amp;t=t\">scheda di trasparenza<\/a>. Il corso \u00e8 erogato in co-docenza (Prof. Parente, 1\u00b0 semestre; Dott.ssa Zotta, 2\u00b0 semestre). Nel primo semestre la didattica sar\u00e0 erogata in modalit\u00e0 mista (lezioni in aula ma anche possibilit\u00e0 di partecipare alle lezioni in videoconferenza). <\/p>\n\n\n\n<p><a href=\"https:\/\/elearning.unibas.it\/course\/view.php?id=165\" target=\"_blank\" rel=\"noreferrer noopener\">Il corso \u00e8 disponibile sulla piattaforma di e-learning dell&#8217;Universit\u00e0 degli Studi della Basilicata<\/a> \u00a0(per visualizzare i contenuti \u00e8 necessario essere iscritti al corso, vedi questo <a href=\"http:\/\/web.unibas.it\/parente\/?p=1679\">post<\/a>).<\/p>\n","protected":false},"excerpt":{"rendered":"<p>Questo \u00e8 un corso di base di microbiologia degli alimenti e ha lo scopo di fornire ai futuri tecnologi alimentari le conoscenze e le capacit\u00e0 di base per la gestione della qualit\u00e0 microbiologica degli alimenti. Tutte le informazioni sono disponibili &hellip; <a href=\"https:\/\/web.unibas.it\/parente\/?page_id=1558\">Continue reading <span class=\"meta-nav\">&rarr;<\/span><\/a><\/p>\n","protected":false},"author":1,"featured_media":0,"parent":30,"menu_order":2,"comment_status":"closed","ping_status":"closed","template":"","meta":{"footnotes":""},"class_list":["post-1558","page","type-page","status-publish","hentry"],"_links":{"self":[{"href":"https:\/\/web.unibas.it\/parente\/index.php?rest_route=\/wp\/v2\/pages\/1558","targetHints":{"allow":["GET"]}}],"collection":[{"href":"https:\/\/web.unibas.it\/parente\/index.php?rest_route=\/wp\/v2\/pages"}],"about":[{"href":"https:\/\/web.unibas.it\/parente\/index.php?rest_route=\/wp\/v2\/types\/page"}],"author":[{"embeddable":true,"href":"https:\/\/web.unibas.it\/parente\/index.php?rest_route=\/wp\/v2\/users\/1"}],"replies":[{"embeddable":true,"href":"https:\/\/web.unibas.it\/parente\/index.php?rest_route=%2Fwp%2Fv2%2Fcomments&post=1558"}],"version-history":[{"count":12,"href":"https:\/\/web.unibas.it\/parente\/index.php?rest_route=\/wp\/v2\/pages\/1558\/revisions"}],"predecessor-version":[{"id":1821,"href":"https:\/\/web.unibas.it\/parente\/index.php?rest_route=\/wp\/v2\/pages\/1558\/revisions\/1821"}],"up":[{"embeddable":true,"href":"https:\/\/web.unibas.it\/parente\/index.php?rest_route=\/wp\/v2\/pages\/30"}],"wp:attachment":[{"href":"https:\/\/web.unibas.it\/parente\/index.php?rest_route=%2Fwp%2Fv2%2Fmedia&parent=1558"}],"curies":[{"name":"wp","href":"https:\/\/api.w.org\/{rel}","templated":true}]}}