{"id":5429,"date":"2023-03-05T12:42:43","date_gmt":"2023-03-05T11:42:43","guid":{"rendered":"http:\/\/web.unibas.it\/life\/?page_id=5429"},"modified":"2023-04-13T09:00:27","modified_gmt":"2023-04-13T07:00:27","slug":"framing-souths-speakers","status":"publish","type":"page","link":"https:\/\/web.unibas.it\/life\/framing-souths-speakers\/","title":{"rendered":"Framing Souths &#8211; Speakers"},"content":{"rendered":"\n<p class=\"has-text-align-center has-large-font-size\"><strong>Framing Souths<\/strong><\/p>\n\n\n\n<p class=\"has-text-align-center has-medium-font-size\"><strong>Literatures and Languages, Cinema and Photography,&nbsp;<\/strong><br><strong>Phototext and New Media<\/strong><\/p>\n\n\n\n<p style=\"font-size:18px\" class=\"has-text-align-center\"><strong>University of Torino<br>24-26 May 2023<\/strong><\/p>\n\n\n\n<h1 class=\"has-text-align-center wp-block-heading\"><strong>Speakers<\/strong><\/h1>\n\n\n\n<figure class=\"wp-block-table is-style-stripes\"><table><thead><tr><th>Keynote Speaker<\/th><th>Affiliation<\/th><\/tr><\/thead><tbody><tr><td>Marco Armiero<\/td><td>Royal Institute of Technology, Stockholm (Sweden)<\/td><\/tr><tr><td>Anna Maria Gehnyei<\/td><td>aka Karima 2G<\/td><\/tr><tr><td>Serenella Iovino<\/td><td>University of North Carolina (USA)<\/td><\/tr><tr><td>Elena Past<\/td><td>Wayne State University (USA)<\/td><\/tr><\/tbody><\/table><\/figure>\n\n\n\n<figure class=\"wp-block-table is-style-stripes\"><table style=\"font-size:12px\"><thead><tr><th><\/th><th><\/th><\/tr><\/thead><tbody><tr><td>Graziella Acquaviva<\/td><td>Universit\u00e0 di Torino (Italia)<\/td><\/tr><tr><td>Gaetano Albergo<\/td><td>Liceo \u2018B. Pascal\u2019 &#8211; Giaveno, Torino (Italia)<\/td><\/tr><tr><td>Vicente&nbsp;&nbsp;Alemany S\u00e1nchez-Moscoso&nbsp;<\/td><td>Universidad Rey Juan Carlos de Madrid (Espa\u00f1a)<\/td><\/tr><tr><td>Pietro Ammaturo<\/td><td>Universit\u00e0 della Basilicata (Italia)<\/td><\/tr><tr><td>Emily Antenucci<\/td><td>Vassar College, New York (USA)<\/td><\/tr><tr><td>Simona Arillotta<\/td><td>IUAV Universit\u00e0 di Venezia (Italia)<\/td><\/tr><tr><td>Wanda Balzano<\/td><td>Wake Forest University, North Carolina (USA)<\/td><\/tr><tr><td>Alberto Baracco<\/td><td>Universit\u00e0 della Basilicata (Italia)<\/td><\/tr><tr><td>Miriam Begliuomini<\/td><td>Universit\u00e9 Jean Moulin &#8211; Lyon 3 (France)<\/td><\/tr><tr><td>Carmen Concilio<\/td><td>Universit\u00e0 di Torino (Italia)<\/td><\/tr><tr><td>Annalucia Cudazzo<\/td><td>Universit\u00e0 di Messina (Italia)<\/td><\/tr><tr><td>Pietro Deandrea<\/td><td>Universit\u00e0 di Torino (Italia)<\/td><\/tr><tr><td>Arianna Del Gaudio<\/td><td>Universit\u00e0 di Napoli (Italia)<\/td><\/tr><tr><td>Paola Della Valle<\/td><td>Universit\u00e0 di Torino (Italia)<\/td><\/tr><tr><td>Lorenzo Denicolai<\/td><td>Universit\u00e0 di Torino (Italia)<\/td><\/tr><tr><td>Lucia Di Girolamo<\/td><td>Universit\u00e0 della Campania (Italia)<\/td><\/tr><tr><td>Giulia A. Disanto<\/td><td>Universit\u00e0 del Salento (Italia)<\/td><\/tr><tr><td>Valentina Domenici<\/td><td>Universit\u00e0 dI Roma Tre (Italia)<\/td><\/tr><tr><td>Daniela Fargione<\/td><td>Universit\u00e0 di Torino (Italia)<\/td><\/tr><tr><td>Sabine Forero Mendoza<\/td><td>University of Pau et des Pays de l&#8217;Adour (France)<\/td><\/tr><tr><td>Annie Gagiano<\/td><td>Stellenbosch Universiteit (Suid Afrika)<\/td><\/tr><tr><td>V\u00edctor Mart\u00edn Garc\u00eda&nbsp;<\/td><td>Universitat Polit\u00e8cnica de Val\u00e8ncia (Espa\u00f1a)<\/td><\/tr><tr><td>Manuela Gieri<\/td><td>Universit\u00e0 della Basilicata (Italia)<\/td><\/tr><tr><td>Fernando Gon\u00e7alves<\/td><td>Universidade do Estado do Rio de Janeiro (Brasil)<\/td><\/tr><tr><td>Tania Haberland<\/td><td>Universit\u00e9 libre de Bruxelles (Belgique)<\/td><\/tr><tr><td>Maria Teresa Imbriani<\/td><td>Universit\u00e0 della Basilicata (Italia)<\/td><\/tr><tr><td>Fabien Landron<\/td><td>Universit\u00e0 di Corsica Pasquale Paoli (France)<\/td><\/tr><tr><td>Maria Stella Lomi<\/td><td>Universit\u00e0 di Torino (Italia)<\/td><\/tr><tr><td>Mattia Mantellato<\/td><td>Universit\u00e0 di Udine (Italia)<\/td><\/tr><tr><td>Lorenzo Marchese<\/td><td>Universit\u00e0 di Palermo (Italia)<\/td><\/tr><tr><td>Alessio Mattana<\/td><td>Universit\u00e0 di Torino (Italia)<\/td><\/tr><tr><td>Angelo Monaco<\/td><td>Universit\u00e0 di Bari (Italia)<\/td><\/tr><tr><td>Francesca Nardi<\/td><td>Universit\u00e0 di Bologna (Italia)<\/td><\/tr><tr><td>Marina Niceforo<\/td><td>Universit\u00e0 di Napoli (Italia)<\/td><\/tr><tr><td>Leonardo Nol\u00e9<\/td><td>City University of New York (USA)<\/td><\/tr><tr><td>Roberto Paolo Ormanni<\/td><td>IUAV Universit\u00e0 di Venezia (Italia)<\/td><\/tr><tr><td>Claudio Panella<\/td><td>Universit\u00e0 di Torino (Italia)<\/td><\/tr><tr><td>Giulia Po DeLisle<\/td><td>University of Massachusetts Lowell<\/td><\/tr><tr><td>Douglas Ponton<\/td><td>Universit\u00e0 di Catania (Italia)<\/td><\/tr><tr><td>Dora Renna<\/td><td>Universit\u00e0 di Ferrara (Italia)<\/td><\/tr><tr><td>Biancamaria Rizzardi&nbsp;<\/td><td>Universit\u00e0 di Pisa (Italia)<\/td><\/tr><tr><td>Chiara Rolla<\/td><td>Universit\u00e0 di Genova (Italia)<\/td><\/tr><tr><td>Katherine Russo<\/td><td>Universit\u00e0 di Napoli (Italia)<\/td><\/tr><tr><td>Raquel Sard\u00e1 S\u00e1nchez<\/td><td>Universidad Rey Juan Carlos de Madrid (Espa\u00f1a)<\/td><\/tr><tr><td>Gabriel Serbu<\/td><td>Sveu\u010dili\u0161te u Rijeci (Hrvatska)<\/td><\/tr><tr><td>Nicola Sileo<\/td><td>Universit\u00e0 della Basilicata (Italia)<\/td><\/tr><tr><td>Alberto Spadafora<\/td><td>Universit\u00e0 di Torino (Italia)<\/td><\/tr><tr><td>Annarita Taronna<\/td><td>Universit\u00e0 di Bari (Italia)<\/td><\/tr><tr><td>Lavinia Torti<\/td><td>Universit\u00e0 di Bologna (Italia)<\/td><\/tr><tr><td>Val\u00e9rie Tosi<\/td><td>Universit\u00e0 di Pisa (Italia)<\/td><\/tr><tr><td>Alessandro Vescovi<\/td><td>Universit\u00e0 di Milano (Italia)<\/td><\/tr><tr><td>Lia Emilia Zola<\/td><td>Universit\u00e0 di Torino (Italia)<\/td><\/tr><\/tbody><\/table><\/figure>\n\n\n\n<p><\/p>\n","protected":false},"excerpt":{"rendered":"<p>Framing Souths Literatures and Languages, Cinema and Photography,&nbsp;Phototext and New Media University of Torino24-26 May 2023 Speakers Keynote Speaker Affiliation Marco Armiero Royal Institute of Technology, Stockholm (Sweden) Anna Maria Gehnyei aka Karima 2G Serenella Iovino University of North Carolina (USA) Elena Past Wayne State University (USA) Graziella Acquaviva Universit\u00e0 di Torino (Italia) Gaetano Albergo &hellip; <\/p>\n<p class=\"link-more\"><a href=\"https:\/\/web.unibas.it\/life\/framing-souths-speakers\/\" class=\"more-link\">Continue reading<span class=\"screen-reader-text\"> &#8220;Framing Souths &#8211; Speakers&#8221;<\/span><\/a><\/p>\n","protected":false},"author":1,"featured_media":0,"parent":0,"menu_order":0,"comment_status":"closed","ping_status":"closed","template":"","meta":{"footnotes":""},"_links":{"self":[{"href":"https:\/\/web.unibas.it\/life\/wp-json\/wp\/v2\/pages\/5429"}],"collection":[{"href":"https:\/\/web.unibas.it\/life\/wp-json\/wp\/v2\/pages"}],"about":[{"href":"https:\/\/web.unibas.it\/life\/wp-json\/wp\/v2\/types\/page"}],"author":[{"embeddable":true,"href":"https:\/\/web.unibas.it\/life\/wp-json\/wp\/v2\/users\/1"}],"replies":[{"embeddable":true,"href":"https:\/\/web.unibas.it\/life\/wp-json\/wp\/v2\/comments?post=5429"}],"version-history":[{"count":7,"href":"https:\/\/web.unibas.it\/life\/wp-json\/wp\/v2\/pages\/5429\/revisions"}],"predecessor-version":[{"id":6061,"href":"https:\/\/web.unibas.it\/life\/wp-json\/wp\/v2\/pages\/5429\/revisions\/6061"}],"wp:attachment":[{"href":"https:\/\/web.unibas.it\/life\/wp-json\/wp\/v2\/media?parent=5429"}],"curies":[{"name":"wp","href":"https:\/\/api.w.org\/{rel}","templated":true}]}}