{"id":5410,"date":"2023-03-05T11:17:52","date_gmt":"2023-03-05T10:17:52","guid":{"rendered":"http:\/\/web.unibas.it\/life\/?page_id=5410"},"modified":"2023-03-08T15:06:16","modified_gmt":"2023-03-08T14:06:16","slug":"framing-souths-it","status":"publish","type":"page","link":"https:\/\/web.unibas.it\/life\/it\/framing-souths-it\/","title":{"rendered":"Framing Souths &#8211; Home IT"},"content":{"rendered":"\n<p class=\"has-text-align-center has-large-font-size\"><strong>Framing Souths<\/strong><\/p>\n\n\n\n<p class=\"has-text-align-center has-medium-font-size\"><strong>Letterature e linguaggi, cinema e fotografia,<\/strong><br><strong>fototesto e nuovi media&nbsp;<\/strong><\/p>\n\n\n\n<p style=\"font-size:18px\" class=\"has-text-align-center\"><strong>Universit\u00e0 di Torino<\/strong><br><strong>24-26 maggio 2023<\/strong><\/p>\n\n\n\n<p><\/p>\n\n\n\n<p class=\"has-text-align-center\"><br>Iniziativa realizzata con il sostegno di<\/p>\n\n\n\n<ul><li><a href=\"https:\/\/disu.unibas.it\/site\/home.html\" target=\"_blank\" rel=\"noreferrer noopener\">Universit\u00e0 della Basilicata, Dipartimento di Scienze Umane<\/a><\/li><li><a href=\"https:\/\/www.dipartimentolingue.unito.it\/do\/home.pl\" target=\"_blank\" rel=\"noreferrer noopener\">Universit\u00e0 di Torino, Dipartimento di&nbsp;Lingue e Letterature Straniere e Culture Moderne<\/a><\/li><li><a href=\"https:\/\/www.studium.unito.it\/do\/home.pl\" target=\"_blank\" rel=\"noreferrer noopener\">Universit\u00e0 di Torino, Dipartimento di Studi Umanistici<\/a><\/li><li><a href=\"https:\/\/www.dcps.unito.it\/do\/home.pl\" target=\"_blank\" rel=\"noreferrer noopener\">Universit\u00e0 of Torino, Dipartimento di Culture, Politica e Societ\u00e0<\/a><\/li><\/ul>\n\n\n\n<p class=\"has-text-align-center\"><\/br><\/br><\/br><hr width=25% style=\"height:2px\"><\/p>\n\n\n\n<p style=\"font-size:15px\" class=\"has-text-align-center\"><strong>Comitato scientifico e organizzativo<\/strong><\/p>\n\n\n\n<p class=\"has-small-font-size\"><a rel=\"noreferrer noopener\" href=\"https:\/\/www.unito.it\" target=\"_blank\">Universit\u00e0 di Torino<\/a>: Maria Cristina Caimotto, Carmen Concilio, Irene De Angelis,<br>Paola Della Valle, Sonia Di Loreto, Daniela Fargione, Marita Mattioda, Chiara Simonigh, Silvia Ulrich, Lia Zola<br><a rel=\"noreferrer noopener\" href=\"https:\/\/portale.unibas.it\/site\/home.html\" target=\"_blank\">Universit\u00e0 della Basilicata<\/a>: Alberto Baracco, Manuela Gieri, Maria Teresa Imbriani<br><a rel=\"noreferrer noopener\" href=\"https:\/\/unige.it\/it\/\" target=\"_blank\">Universit\u00e0 di Genova<\/a>: Elisa Bricco, Stefania Michelucci<br><a rel=\"noreferrer noopener\" href=\"https:\/\/www.unich.it\" target=\"_blank\">Universit\u00e0 di Chieti-Pescara<\/a>: Paola Brusasco<\/p>\n\n\n\n<p class=\"has-text-align-center has-small-font-size\"><em>Turin Interdisciplinary Group of Environmental Humanities Research (<a rel=\"noreferrer noopener\" href=\"https:\/\/frida.unito.it\/wn_pages\/percorso.php\/744_inquinamento-clima-e-riscaldamento-globale\/3085_environmental-humanities\/\" target=\"_blank\">Tigehr<\/a>)<\/em><\/p>\n","protected":false},"excerpt":{"rendered":"<p>Framing Souths Letterature e linguaggi, cinema e fotografia,fototesto e nuovi media&nbsp; Universit\u00e0 di Torino24-26 maggio 2023 Iniziativa realizzata con il sostegno di Universit\u00e0 della Basilicata, Dipartimento di Scienze Umane Universit\u00e0 di Torino, Dipartimento di&nbsp;Lingue e Letterature Straniere e Culture Moderne Universit\u00e0 di Torino, Dipartimento di Studi Umanistici Universit\u00e0 of Torino, Dipartimento di Culture, Politica e &hellip; <\/p>\n<p class=\"link-more\"><a href=\"https:\/\/web.unibas.it\/life\/it\/framing-souths-it\/\" class=\"more-link\">Continue reading<span class=\"screen-reader-text\"> &#8220;Framing Souths &#8211; Home IT&#8221;<\/span><\/a><\/p>\n","protected":false},"author":1,"featured_media":0,"parent":0,"menu_order":0,"comment_status":"closed","ping_status":"closed","template":"","meta":{"footnotes":""},"_links":{"self":[{"href":"https:\/\/web.unibas.it\/life\/wp-json\/wp\/v2\/pages\/5410"}],"collection":[{"href":"https:\/\/web.unibas.it\/life\/wp-json\/wp\/v2\/pages"}],"about":[{"href":"https:\/\/web.unibas.it\/life\/wp-json\/wp\/v2\/types\/page"}],"author":[{"embeddable":true,"href":"https:\/\/web.unibas.it\/life\/wp-json\/wp\/v2\/users\/1"}],"replies":[{"embeddable":true,"href":"https:\/\/web.unibas.it\/life\/wp-json\/wp\/v2\/comments?post=5410"}],"version-history":[{"count":17,"href":"https:\/\/web.unibas.it\/life\/wp-json\/wp\/v2\/pages\/5410\/revisions"}],"predecessor-version":[{"id":5629,"href":"https:\/\/web.unibas.it\/life\/wp-json\/wp\/v2\/pages\/5410\/revisions\/5629"}],"wp:attachment":[{"href":"https:\/\/web.unibas.it\/life\/wp-json\/wp\/v2\/media?parent=5410"}],"curies":[{"name":"wp","href":"https:\/\/api.w.org\/{rel}","templated":true}]}}