{"id":1273,"date":"2021-02-03T11:31:37","date_gmt":"2021-02-03T10:31:37","guid":{"rendered":"http:\/\/web.unibas.it\/life\/?page_id=1273"},"modified":"2021-02-03T16:52:49","modified_gmt":"2021-02-03T15:52:49","slug":"imbriani-abstract-2","status":"publish","type":"page","link":"https:\/\/web.unibas.it\/life\/it\/imbriani-abstract-2\/","title":{"rendered":"Conferenza LiFE 2020 &#8211; Abstract"},"content":{"rendered":"\n<p class=\"has-text-align-center\"><strong>Maria Teresa Imbriani<br><\/strong>Universit\u00e0 della Basilicata (Italia)<\/p>\n\n\n\n<p class=\"has-text-align-center\"><strong><em><em>Rocco e i suoi fratelli<\/em><\/em>: la Lucania di Luchino Visconti tra reale e immaginario<\/strong><\/p>\n\n\n\n<p>Ha ben spiegato Luchino Visconti l\u2019essenza del rapporto tra individuo e societ\u00e0 e proprio a proposito di&nbsp;<em>Rocco e i suoi fratelli<\/em>, il film del 1960, il cui protagonista, insieme alla sua famiglia, proviene dalla Basilicata:<\/p>\n\n\n\n<p style=\"font-size:14px\" class=\"has-text-align-right\">La chiave di volta degli stati d\u2019animo, delle psicologie e dei conflitti, \u00e8 dunque per me prevalentemente sociale, anche se le conclusioni a cui giungo sono soltanto umane e riguardano concretamente gli individui singoli [\u2026]. E cos\u00ec, Rocco. La questione dei rapporti tra fratelli e tra figli e la madre non mi ha certo interessato meno di quella che una simile famiglia provenisse dal Sud, fosse una famiglia meridionale. Operando questa scelta non mi sono limitato, per\u00f2, alla ricerca d\u2019un materiale umano particolarmente suggestivo, ma ho consapevolmente deliberato di tornare sul problema del rapporto tra Nord e Sud, cos\u00ec come pu\u00f2 tornarvi un artista il quale voglia, per cos\u00ec dire, non soltanto commuovere ma invitare al ragionamento.<br>(\u201cDa Verga a Gramsci\u201d, Visconti 1977).<\/p>\n\n\n\n<p>A noi interessa proprio questo delicato rapporto tra il materiale della realt\u00e0, studio di luoghi, usi, costumi e persone, e la trasfigurazione artistica in una pellicola, dove quanto c\u2019\u00e8 di indomito e selvaggio nella personalit\u00e0 dei singoli protagonisti proviene dalla consapevole scelta di Visconti di unire al dramma di una famiglia di emigranti quello pi\u00f9 intimo del conflitto tra fratelli e tra madre e figli. Ma Rocco \u00e8 qualcosa in pi\u00f9: anche solo nel nome entrano in gioco i due aspetti contraddittori, tradizione e modernit\u00e0, delle ragioni del Sud, cos\u00ec come sono declinate nella pellicola, da un lato il poeta Rocco Scotellaro, dall\u2019altro il pugile potentino Rocco Mazzola, campione italiano dei mediomassimi, che significativamente compare nel film.<br>Nel nostro intervento \u00e8 prevista la testimonianza di Tiziana Mazzola, figlia di Rocco, scomparso a Potenza nel 2012.<\/p>\n\n\n\n<p style=\"font-size:14px\"><strong><br>Maria Teresa<\/strong> <strong>Imbriani<\/strong> \u00e8 Associato di Letteratura italiana presso il Dipartimento di Scienze Umane dell\u2019Universit\u00e0 degli Studi della Basilicata.  Laureata <em>cum laude<\/em> in Lettere classiche presso l&#8217;Universit\u00e0 \u00abFederico II\u00bb di Napoli (1988), ha frequentato da borsista il Dottorato di Ricerca in <em>Italianistica (con particolare riferimento alla Letteratura meridionale) <\/em>VII ciclo presso l&#8217;Universit\u00e0 \u00abFederico II\u00bb di Napoli.  Ha al suo attivo una nutrita attivit\u00e0 di ricerca, sempre mirata allo scavo di documenti rari o inediti e alla loro interpretazione storico-critica e spesso incentrati su temi di stampo meridionalistico, come negli <em>Appunti di letteratura lucana<\/em> (2000). Contributi originali e costante impegno filologico sono alla base dei suoi lavori, tra cui spiccano l\u2019edizione critica della <em>Fiaccola sotto il moggio<\/em> di Gabriele d\u2019Annunzio e il <em>Carteggio D\u2019Ancona-Torraca<\/em>.   Ha conseguito l\u2019Abilitazione Scientifica Nazionale per la I fascia nel settore 10\/F3 <em>Linguistica e filologia italiana <\/em>(2019).  Ha partecipato con relazioni a numerosi convegni nazionali e internazionali. \u00c8 membro del Comitato direttivo-scientifico delle riviste \u00abCritica letteraria\u00bb e \u00abStudi desanctisiani\u00bb..<\/p>\n","protected":false},"excerpt":{"rendered":"<p>Maria Teresa ImbrianiUniversit\u00e0 della Basilicata (Italia) Rocco e i suoi fratelli: la Lucania di Luchino Visconti tra reale e immaginario Ha ben spiegato Luchino Visconti l\u2019essenza del rapporto tra individuo e societ\u00e0 e proprio a proposito di&nbsp;Rocco e i suoi fratelli, il film del 1960, il cui protagonista, insieme alla sua famiglia, proviene dalla Basilicata: &hellip; <\/p>\n<p class=\"link-more\"><a href=\"https:\/\/web.unibas.it\/life\/it\/imbriani-abstract-2\/\" class=\"more-link\">Continue reading<span class=\"screen-reader-text\"> &#8220;Conferenza LiFE 2020 &#8211; Abstract&#8221;<\/span><\/a><\/p>\n","protected":false},"author":1,"featured_media":0,"parent":0,"menu_order":0,"comment_status":"closed","ping_status":"closed","template":"","meta":{"footnotes":""},"_links":{"self":[{"href":"https:\/\/web.unibas.it\/life\/wp-json\/wp\/v2\/pages\/1273"}],"collection":[{"href":"https:\/\/web.unibas.it\/life\/wp-json\/wp\/v2\/pages"}],"about":[{"href":"https:\/\/web.unibas.it\/life\/wp-json\/wp\/v2\/types\/page"}],"author":[{"embeddable":true,"href":"https:\/\/web.unibas.it\/life\/wp-json\/wp\/v2\/users\/1"}],"replies":[{"embeddable":true,"href":"https:\/\/web.unibas.it\/life\/wp-json\/wp\/v2\/comments?post=1273"}],"version-history":[{"count":1,"href":"https:\/\/web.unibas.it\/life\/wp-json\/wp\/v2\/pages\/1273\/revisions"}],"predecessor-version":[{"id":1274,"href":"https:\/\/web.unibas.it\/life\/wp-json\/wp\/v2\/pages\/1273\/revisions\/1274"}],"wp:attachment":[{"href":"https:\/\/web.unibas.it\/life\/wp-json\/wp\/v2\/media?parent=1273"}],"curies":[{"name":"wp","href":"https:\/\/api.w.org\/{rel}","templated":true}]}}