{"id":1268,"date":"2021-02-02T17:49:37","date_gmt":"2021-02-02T16:49:37","guid":{"rendered":"http:\/\/web.unibas.it\/life\/?page_id=1268"},"modified":"2021-02-03T16:51:43","modified_gmt":"2021-02-03T15:51:43","slug":"baracco-abstract-2","status":"publish","type":"page","link":"https:\/\/web.unibas.it\/life\/it\/baracco-abstract-2\/","title":{"rendered":"Conferenza LiFE 2020 &#8211; Abstract"},"content":{"rendered":"\n<p class=\"has-text-align-center\"><strong>Alberto Baracco<\/strong><br>Universit\u00e0 della Basilicata (Italia)<\/p>\n\n\n\n<p class=\"has-text-align-center\"><strong>Lucania, terra di fiabe e di film<\/strong><br><strong>Dal&nbsp;<em>Cunto de li cunti&nbsp;<\/em>di Basile a&nbsp;<em>Lucania. Terra, sangue e magia&nbsp;<\/em>di Roccati<\/strong><\/p>\n\n\n\n<p style=\"font-size:14px\" class=\"has-text-align-right\">\u2026 Pazzo \u00e8 chi contrasta con le stelle<br>(Giambattista Basile)<\/p>\n\n\n\n<p><em>Lo cunto de li cunti<\/em> di Giambattista Basile attesta il profondo legame che esiste tra la fiaba e la Lucania. I racconti popolari raccolti e trascritti da Basile nei suoi viaggi attraverso l&#8217;Italia meridionale &#8211; in Campania, Puglia e, soprattutto, in Lucania &#8211; attingevano alla tradizione orale, ma Basile li ha per\u00f2 trasformati, prendendo spunto da usi e consuetudini della vita quotidiana del suo tempo, con lo scopo di criticare tanto la societ\u00e0 di corte quanto la tradizione letteraria. <br>Se la metamorfosi rappresenta un elemento centrale della fiaba, e il mutamento di forma \u00e8 ci\u00f2 che regala meraviglia e incanto (Warner 2011), \u00e8 la fiaba stessa che \u00e8 soggetta a un continuo processo di trasformazione e cambiamento. Alcuni recenti lavori, intersecando gli studi sulla fiaba con gli studi culturali e gli studi sui media, hanno evidenziato come questo approccio risulti efficace per comprendere lo spazio simbolico in cui la fiaba opera. <br>Come si sono trasformate le fiabe di Basile negli ultimi decenni? E quali rapporti sussistono oggi tra il <em>Pentamerone<\/em>, il cinema e il pensiero ecologico?<br>Muovendo da una prospettiva ecocritica, e riconsiderando alcuni adattamenti cinematografici italiani delle fiabe dell&#8217;opera di Basile, come <em>C&#8217;era una volta<\/em> (1967) di Francesco Rosi, <em>Il racconto dei racconti<\/em> (2015) di Matteo Garrone e <em>Gatta Cenerentola<\/em> (2017) di Alessandro Rak et al. , verr\u00e0 preso in esame il recente film di Gigi Roccati <em>Lucania. Terra, sangue e magia<\/em> (2019) in cui un&#8217;etica ecologica fondata sul pieno riconoscimento dell&#8217;interconnessione e dell&#8217;interdipendenza tra essere umano e natura appare fondamentale per il superamento dei traumi individuali e collettivi.<\/p>\n\n\n\n<p><\/p>\n\n\n\n<p style=\"font-size:14px\"><br><strong>Alberto Baracco<\/strong> \u00e8 ricercatore in Cinema, fotografia e televisione presso l&#8217;Universit\u00e0 della Basilicata. Le sue principali aree di ricerca sono la filosofia del film e l&#8217;ecocritica cinematografica. Ha recentemente pubblicato le due monografie&nbsp;<em>Philosophy in Stan Brakhage\u2019s&nbsp;<\/em>Dog Star Man<em>&nbsp;<\/em>(Palgrave Macmillan, 2019) e&nbsp;<em>Hermeneutics of the Film World<\/em>&nbsp;(Palgrave Macmillan, 2017) e i due saggi \u201c<em>I Can Quit Whenever I Want<\/em>.&nbsp;The Academic Precariat in Italian Cinema\u201d (in&nbsp;<em>Law, Labour and the Humanities<\/em>, Routledge 2019) e \u201cSoggettivit\u00e0 e natura\u201d (in&nbsp;<em>Antroposcenari. Storie, paesaggi, ecologie<\/em>, Il Mulino, 2018).<\/p>\n","protected":false},"excerpt":{"rendered":"<p>Alberto BaraccoUniversit\u00e0 della Basilicata (Italia) Lucania, terra di fiabe e di filmDal&nbsp;Cunto de li cunti&nbsp;di Basile a&nbsp;Lucania. Terra, sangue e magia&nbsp;di Roccati \u2026 Pazzo \u00e8 chi contrasta con le stelle(Giambattista Basile) Lo cunto de li cunti di Giambattista Basile attesta il profondo legame che esiste tra la fiaba e la Lucania. I racconti popolari raccolti &hellip; <\/p>\n<p class=\"link-more\"><a href=\"https:\/\/web.unibas.it\/life\/it\/baracco-abstract-2\/\" class=\"more-link\">Continue reading<span class=\"screen-reader-text\"> &#8220;Conferenza LiFE 2020 &#8211; Abstract&#8221;<\/span><\/a><\/p>\n","protected":false},"author":1,"featured_media":0,"parent":0,"menu_order":0,"comment_status":"closed","ping_status":"closed","template":"","meta":{"footnotes":""},"_links":{"self":[{"href":"https:\/\/web.unibas.it\/life\/wp-json\/wp\/v2\/pages\/1268"}],"collection":[{"href":"https:\/\/web.unibas.it\/life\/wp-json\/wp\/v2\/pages"}],"about":[{"href":"https:\/\/web.unibas.it\/life\/wp-json\/wp\/v2\/types\/page"}],"author":[{"embeddable":true,"href":"https:\/\/web.unibas.it\/life\/wp-json\/wp\/v2\/users\/1"}],"replies":[{"embeddable":true,"href":"https:\/\/web.unibas.it\/life\/wp-json\/wp\/v2\/comments?post=1268"}],"version-history":[{"count":3,"href":"https:\/\/web.unibas.it\/life\/wp-json\/wp\/v2\/pages\/1268\/revisions"}],"predecessor-version":[{"id":1303,"href":"https:\/\/web.unibas.it\/life\/wp-json\/wp\/v2\/pages\/1268\/revisions\/1303"}],"wp:attachment":[{"href":"https:\/\/web.unibas.it\/life\/wp-json\/wp\/v2\/media?parent=1268"}],"curies":[{"name":"wp","href":"https:\/\/api.w.org\/{rel}","templated":true}]}}