{"id":1262,"date":"2021-02-02T16:46:15","date_gmt":"2021-02-02T15:46:15","guid":{"rendered":"http:\/\/web.unibas.it\/life\/?page_id=1262"},"modified":"2021-02-03T16:50:31","modified_gmt":"2021-02-03T15:50:31","slug":"dionisi-abstract-2","status":"publish","type":"page","link":"https:\/\/web.unibas.it\/life\/it\/dionisi-abstract-2\/","title":{"rendered":"Conferenza LiFE 2020 &#8211; Abstract"},"content":{"rendered":"\n<p class=\"has-text-align-center\"><strong>Chiara Dionisi<br><\/strong>Universit\u00e0 Roma Tre (Italia)<\/p>\n\n\n\n<p class=\"has-text-align-center\"><strong><em>Alberi&nbsp;<\/em>di Michelangelo Frammartino<\/strong><br><strong> Il culto arboreo di una terra tra mito antropologico e racconto ecocritico<\/strong><\/p>\n\n\n\n<p>La presente proposta vuole prendere in esame l&#8217;ultima opera videografica di Michelangelo Frammartino, analizzandola nel contesto della tradizione secolare di una regione e delle narrazioni antropologiche che da sempre ne hanno negoziato demartinianamente la storia. Rivelatosi nel panorama contemporaneo come un autore dall&#8217;indubbio sguardo sensibile all&#8217;interazione fra uomo e ambiente, attento a formulare un preciso linguaggio che nobiliti questa interdipenenza, Frammartino si impone nell&#8217;immaginario visuale come una personalit\u00e0 a met\u00e0 fra l&#8217;antropologo e il poeta, camminando con maestria registica fino alla sua ultima sinfonia visiva: un condensato lirico di cinema del reale che conferma la vicinanza del cineasta ai riti ancestrali del nostro Bel Paese celebranti il vitalismo del mondo. L&#8217;intento \u00e8 dunque quello di avanzare un&#8217;interpretazione ecocritica dell&#8217;opera in relazione al culto arboreo lucano e alle sue declinazioni, offrendo l&#8217;intreccio di una trama di storie che paiono dialogare con il progetto politico di Luigi di Gianni e il Mezzogiorno agrario, la riattivazione di antichi costumi popolari, i nuovi significati di cui si vestono all&#8217;interno della comunit\u00e0, la rappresentazione di un territorio come bene culturale, come paesaggio da tutelare: il racconto di un&#8217;estetica che \u00e8 anche una dichiarazione di etica.<br>A onor del vero, l&#8217;ecocritica \u00e8 una metodologia che nasce in seno alla teoria letteraria per sfruttare le potenzialit\u00e0 narrative della letteratura al fine di tracciare le implicazioni estetiche ed etiche delle relazioni uomo-ambiente che hanno animato una determinata epoca, facendone il filtro per una &#8221;educazione a vedere&#8221; le tensioni ecologiche del presente (Iovino, 2006). Sebbene si tratti di una prospettiva disciplinare che ha dovuto sgomitare non poco per avere una voce nel dibattito italiano, da qualche tempo alcuni pensatori ne hanno tirato le fila, e riteniamo sia giunto il momento di farlo anche dal punto di vista delle arti visuali; punto di vista che avanziamo in questa proposta, salutando con gioia l&#8217;apertura di questo convegno. Difatti, si ravvede la necessit\u00e0 di colmare l&#8217;assenza di un discorso culturale sistematico sui rapporti fra l&#8217;<em>ecocriticism&nbsp;<\/em>e gli studi di cinema, per vedere in quali maglie del pensiero italiano questo orizzonte di ricerca possa trovare un giaciglio. L&#8217;idea di offrire un contributo a questo mare per nulla o appena solcato in Italia, partendo dalla poetica di Frammartino, ci pare un buon modo di rilanciare spunti di riflessione sulla tradizione emotigena pi\u00f9 antica dell&#8217;uomo: l&#8217;abilit\u00e0 di narrare storie in relazione ai mondi che abitiamo.<\/p>\n\n\n\n<p style=\"font-size:14px\"><br><strong>Chiara Dionisi<\/strong> \u00e8 Dottore di ricerca in&nbsp;<em>Paesaggi della citt\u00e0 contemporanea. Politiche, tecniche e studi visuali &#8211;&nbsp;<\/em>curriculum&nbsp;<em>Cinema e cultura visuale &#8211;&nbsp;<\/em>dottorato promosso dal Dipartimento di Filosofia, comunicazione e spettacolo e il Dipartimento di Architettura dell&#8217;Universit\u00e0 degli Studi Roma Tre. A conclusione del percorso accademico ha discusso una tesi dal titolo&nbsp;<em>L&#8217;animismo nella teoria del cinema. Estetiche e scritture del sensibile tra studi visuali e pensiero ambientale.&nbsp;<\/em>Un progetto che ha aperto le porte alle&nbsp;<em>environmental humanities&nbsp;<\/em>e che attraverso gli strumenti analitici e teorici del discorso ecocritico ha esplorato i&nbsp;<em>topoi&nbsp;<\/em>ambientali che tessono la letteratura del cinema sin dai primi scritti, a partire da un\u2019indagine storica, antropologica e filologica sul concetto di animismo. La sua ricerca incrocia gli studi storici e teorici del cinema e delle arti visive in relazione alla prospettiva umanistico-ambientale, la paesistica e la teoria letteraria. Ha partecipato a convegni in linea con i suoi interessi scientifici e pubblicato saggi in riviste e in volumi collettanei. Attualmente \u00e8 interessata all&#8217;area degli&nbsp;<em>Italian Studies<\/em> e al rapporto tra il pensiero ecocritico italiano e la produzione filmica nazionale.<\/p>\n","protected":false},"excerpt":{"rendered":"<p>Chiara DionisiUniversit\u00e0 Roma Tre (Italia) Alberi&nbsp;di Michelangelo Frammartino Il culto arboreo di una terra tra mito antropologico e racconto ecocritico La presente proposta vuole prendere in esame l&#8217;ultima opera videografica di Michelangelo Frammartino, analizzandola nel contesto della tradizione secolare di una regione e delle narrazioni antropologiche che da sempre ne hanno negoziato demartinianamente la storia. &hellip; <\/p>\n<p class=\"link-more\"><a href=\"https:\/\/web.unibas.it\/life\/it\/dionisi-abstract-2\/\" class=\"more-link\">Continue reading<span class=\"screen-reader-text\"> &#8220;Conferenza LiFE 2020 &#8211; Abstract&#8221;<\/span><\/a><\/p>\n","protected":false},"author":1,"featured_media":0,"parent":0,"menu_order":0,"comment_status":"closed","ping_status":"closed","template":"","meta":{"footnotes":""},"_links":{"self":[{"href":"https:\/\/web.unibas.it\/life\/wp-json\/wp\/v2\/pages\/1262"}],"collection":[{"href":"https:\/\/web.unibas.it\/life\/wp-json\/wp\/v2\/pages"}],"about":[{"href":"https:\/\/web.unibas.it\/life\/wp-json\/wp\/v2\/types\/page"}],"author":[{"embeddable":true,"href":"https:\/\/web.unibas.it\/life\/wp-json\/wp\/v2\/users\/1"}],"replies":[{"embeddable":true,"href":"https:\/\/web.unibas.it\/life\/wp-json\/wp\/v2\/comments?post=1262"}],"version-history":[{"count":2,"href":"https:\/\/web.unibas.it\/life\/wp-json\/wp\/v2\/pages\/1262\/revisions"}],"predecessor-version":[{"id":1300,"href":"https:\/\/web.unibas.it\/life\/wp-json\/wp\/v2\/pages\/1262\/revisions\/1300"}],"wp:attachment":[{"href":"https:\/\/web.unibas.it\/life\/wp-json\/wp\/v2\/media?parent=1262"}],"curies":[{"name":"wp","href":"https:\/\/api.w.org\/{rel}","templated":true}]}}