{"id":1259,"date":"2021-02-02T16:36:14","date_gmt":"2021-02-02T15:36:14","guid":{"rendered":"http:\/\/web.unibas.it\/life\/?page_id=1259"},"modified":"2021-02-03T16:50:09","modified_gmt":"2021-02-03T15:50:09","slug":"chirumbolo-abstract-2","status":"publish","type":"page","link":"https:\/\/web.unibas.it\/life\/it\/chirumbolo-abstract-2\/","title":{"rendered":"Conferenza LiFE 2020 &#8211; Abstract"},"content":{"rendered":"\n<p class=\"has-text-align-center\"><strong>Paolo Chirumbolo<\/strong><br>Louisiana State University (USA)<\/p>\n\n\n\n<p class=\"has-text-align-center\"><strong>Petrolio e documentari: alcune note su<\/strong><br><strong><em>Pietre, miracoli e petrolio&nbsp;<\/em>(Pannone, 2004) e&nbsp;<em>Nero d\u2019Italia&nbsp;<\/em>(Castellano, 2013)<\/strong><\/p>\n\n\n\n<p>La storia dell&#8217;estrazione del petrolio in Basilicata inizia alla fine degli anni Trenta e raggiunge il suo apice alla fine del Novecento. \u00c8 in particolare nel parco nazionale della Val D&#8217;Agri, sito del giacimento petrolifero pi\u00f9 grande d&#8217;Italia e uno dei pi\u00f9 grandi d&#8217;Europa, che compagnie petrolifere italiane ed internazionali, come ENI, Total e Shell, hanno concentrato la loro attenzione. Purtroppo, ci\u00f2 che poteva favorire lo sviluppo industriale della Basilicata &#8211; una delle regioni pi\u00f9 povere d&#8217;Italia &#8211; e dell&#8217;intero Mezzogiorno, ha invece originato corruzione politica, rischi per la salute e distruzione ambientale. Con la compiacenza dello Stato italiano, un&#8217;area tradizionalmente dedita all&#8217;agricoltura, alla zootecnia e al turismo \u00e8 stata devastata dall&#8217;industria petrolifera. Nel mio intervento prender\u00f2 in esame i modi in cui i due documentari <em>Pietre, miracoli e petrolio<\/em> (G. Pannone, 2004) e <em>Nero d&#8217;Italia<\/em> (V. Castellano, 2013) hanno rappresentato l&#8217;impatto che l&#8217;industria petrolifera ha avuto sui comuni della Val D&#8217;Agri (Viggiano, Montemurro, Spinoso e Tramutola).<\/p>\n\n\n\n<p style=\"font-size:14px\"><br><strong>Paolo Chirumbolo<\/strong> \u00e8 Professore Associato di Italiano e Cinema presso il Dipartimento di Lingue Straniere della Louisiana State University, Baton Rouge, dove \u00e8 anche direttore del corso di studi italiani. Ha pubblicato articoli e saggi sula letteratura e il cinema italiano contemporaneo e collabora attivamente con riviste come<em> <\/em>\u00abRivista di Studi Italiani\u00bb, \u00abQuaderni di Italianistica\u00bb, \u00abAnnali di Italianistica\u00bb, \u00abForum Italicum\u00bb e \u00abIncontri\u00bb. \u00c8 autore di <em>Tra coscienza e autocoscienza. Saggi sulla narrativa degli anni sessanta. Volponi &#8211; Calvino &#8211; Sanguineti<\/em> (Soveria Mannelli, Rubbettino, 2009) e <em>Letteratura e lavoro<\/em> (Soveria Mannelli, Rubbettino, 2013). \u00c8 co-editore di <em>Neoavanguardia: Italian Experimental Literature and Arts in the 1960s<\/em> (Toronto, University of Toronto Press, 2010), <em>Edoardo Sanguineti: Literature, Ideology and the Avant-Garde<\/em> (London, Legenda Italian Perspectives, 2013) e <em>La rappresentazione del paesaggio nella letteratura e nel cinema dell&#8217;Italia contemporanea<\/em> (New York, Edwin Mellen Press, 2013).<\/p>\n","protected":false},"excerpt":{"rendered":"<p>Paolo ChirumboloLouisiana State University (USA) Petrolio e documentari: alcune note suPietre, miracoli e petrolio&nbsp;(Pannone, 2004) e&nbsp;Nero d\u2019Italia&nbsp;(Castellano, 2013) La storia dell&#8217;estrazione del petrolio in Basilicata inizia alla fine degli anni Trenta e raggiunge il suo apice alla fine del Novecento. \u00c8 in particolare nel parco nazionale della Val D&#8217;Agri, sito del giacimento petrolifero pi\u00f9 grande &hellip; <\/p>\n<p class=\"link-more\"><a href=\"https:\/\/web.unibas.it\/life\/it\/chirumbolo-abstract-2\/\" class=\"more-link\">Continue reading<span class=\"screen-reader-text\"> &#8220;Conferenza LiFE 2020 &#8211; Abstract&#8221;<\/span><\/a><\/p>\n","protected":false},"author":1,"featured_media":0,"parent":0,"menu_order":0,"comment_status":"closed","ping_status":"closed","template":"","meta":{"footnotes":""},"_links":{"self":[{"href":"https:\/\/web.unibas.it\/life\/wp-json\/wp\/v2\/pages\/1259"}],"collection":[{"href":"https:\/\/web.unibas.it\/life\/wp-json\/wp\/v2\/pages"}],"about":[{"href":"https:\/\/web.unibas.it\/life\/wp-json\/wp\/v2\/types\/page"}],"author":[{"embeddable":true,"href":"https:\/\/web.unibas.it\/life\/wp-json\/wp\/v2\/users\/1"}],"replies":[{"embeddable":true,"href":"https:\/\/web.unibas.it\/life\/wp-json\/wp\/v2\/comments?post=1259"}],"version-history":[{"count":2,"href":"https:\/\/web.unibas.it\/life\/wp-json\/wp\/v2\/pages\/1259\/revisions"}],"predecessor-version":[{"id":1299,"href":"https:\/\/web.unibas.it\/life\/wp-json\/wp\/v2\/pages\/1259\/revisions\/1299"}],"wp:attachment":[{"href":"https:\/\/web.unibas.it\/life\/wp-json\/wp\/v2\/media?parent=1259"}],"curies":[{"name":"wp","href":"https:\/\/api.w.org\/{rel}","templated":true}]}}