{"id":1221,"date":"2021-02-02T11:38:45","date_gmt":"2021-02-02T10:38:45","guid":{"rendered":"http:\/\/web.unibas.it\/life\/?page_id=1221"},"modified":"2021-02-02T11:47:43","modified_gmt":"2021-02-02T10:47:43","slug":"nel-cuore-del-sud-call-for-papers","status":"publish","type":"page","link":"https:\/\/web.unibas.it\/life\/it\/nel-cuore-del-sud-call-for-papers\/","title":{"rendered":"Nel cuore del Sud &#8211; Call for Papers"},"content":{"rendered":"\n<div class=\"wp-block-image\"><figure class=\"aligncenter\"><a href=\"http:\/\/web.unibas.it\/life\/wordpress\/wp-content\/uploads\/ihs_cfp_eng.pdf\" target=\"_blank\" rel=\"noreferrer noopener\"><img decoding=\"async\" src=\"http:\/\/web.unibas.it\/life\/wordpress\/wp-content\/uploads\/pdf_eng.jpg\" alt=\"English CfP download\" class=\"wp-image-256\" title=\"English CfP download\"\/><\/a><\/figure><\/div>\n\n\n\n<div class=\"wp-block-image\"><figure class=\"aligncenter is-resized\"><a href=\"http:\/\/web.unibas.it\/life\/wordpress\/wp-content\/uploads\/ihs_cfp_ita.pdf\" target=\"_blank\" rel=\"noreferrer noopener\"><img loading=\"lazy\" decoding=\"async\" src=\"http:\/\/web.unibas.it\/life\/wordpress\/wp-content\/uploads\/pdf_ita.jpg\" alt=\"Italian CfP download\" class=\"wp-image-257\" width=\"51\" height=\"63\" title=\"Italian CfP download\"\/><\/a><\/figure><\/div>\n\n\n\n<p class=\"has-text-align-center\"><spam style=\"color:red\"><strong>Nel cuore del Sud<\/strong><br><strong>Basilicata and Meridione tra rappresentazioni audiovisive ed ecologia<\/strong><\/spam><\/p>\n\n\n\n<p class=\"has-text-align-center\"><strong>Invio delle proposte entro:\u00a0<strong>15 marzo 2021<\/strong><\/strong><\/p>\n\n\n\n<p>Il Dipartimento di Scienze Umane dell\u2019Universit\u00e0 della Basilicata, in collaborazione con il Dipartimento di Lingue e Letterature Straniere e Culture Moderne dell\u2019Universit\u00e0 di Torino, d\u00e0 avvio alla presente iniziativa editoriale finalizzata alla pubblicazione di un volume di saggi che indaghi con gli strumenti dell\u2019ecocritica, della filosofia e della nuova storiografia le rappresentazioni audiovisive della Basilicata in particolare e, pi\u00f9 in generale, del Meridione d\u2019Italia. L\u2019iniziativa \u00e8 parte del progetto Cinema e\/in Basilicata e si colloca all\u2019interno del Piano Operativo Nazionale \u201cRicerca e Innovazione\u201d 2014-2020.<\/p>\n\n\n\n<p>Con lo scopo di dare pi\u00f9 ampio sviluppo ai temi e agli argomenti discussi in occasione della recente Conferenza Internazionale LiFE 2020, tenutasi lo scorso mese di settembre, il volume si propone di esplorare le molteplici connessioni che legano la Basilicata e il Sud d\u2019Italia al cinema e all\u2019ecologia, per riflettere sulle diverse forme e modalit\u00e0 attraverso le quali i differenti contesti storico-sociali e culturali sono stati variamente espressi e rappresentati.<\/p>\n\n\n\n<p>A un ventaglio di prospettive sinteticamente identificabile con il termine\u00a0<em>ecocritica cinematografica\u00a0<\/em>far\u00e0 da riferimento comune il concetto pi\u00f9 generale di\u00a0<em>mondo filmico<\/em>, inteso come l\u2019orizzonte ermeneutico all\u2019interno del quale la ricerca ecocritica e, pi\u00f9 ampiamente, filosofica pu\u00f2 svolgere un\u2019analisi non solo dei differenti modi di rappresentazione della realt\u00e0 ma anche dei complessi processi di significazione attraverso i quali tale realt\u00e0 stessa pu\u00f2 essere compresa, ripensata e trasformata. \u00c8 questa la cornice teorica all\u2019interno della quale prender\u00e0 forma il volume, sulla base della convinzione che il cinema rappresenti un fecondo mezzo di indagine per la riflessione ecocritica non solo sulla Basilicata (a cui sar\u00e0 dedicata la sezione centrale del volume), ma anche, necessariamente, sul Sud d\u2019Italia, e, quindi, sulla loro storia, i loro territori, le loro comunit\u00e0 e la loro identit\u00e0.<\/p>\n\n\n\n<p>La pandemia COVID-19, il conseguente e forzato distanziamento sociale e la restrizione delle nostre libert\u00e0 individuali, il prolungato ricorso a forme di virtualizzazione delle relazioni interpersonali, tra videoconferenze,\u00a0<em>smart working\u00a0<\/em>e didattica a distanza, ci impongono di tornare a riflettere ancora sulle valenze e sui significati di spazio e luogo collettivo, e su come nuove emergenze non solo sanitarie ma anche sociali, economiche e politiche si vadano a intrecciare con le problematiche ambientali e il cambiamento climatico in atto. In questo scenario complesso e multiforme, il Sud d\u2019Italia costituisce un punto di osservazione cruciale da cui svolgere, attraverso l\u2019indagine ecocritica, un\u2019ampia riflessione sulle narrazioni e le rappresentazioni audiovisive per individuare pi\u00f9 attuali e coerenti prospettive interpretative. Lo scopo del volume \u00e8 dunque quello di esplorare i modi in cui una pi\u00f9 viva coscienza ecologica e una crescente consapevolezza ambientale possano produrre non solo nuove forme espressive, ma anche approcci interpretativi pi\u00f9 coerenti e inclusivi, e gettare cos\u00ec nuova luce sulle rappresentazioni cinematografiche della Basilicata e del Sud. L\u2019ecocritica cinematografica costituisce infatti un efficace approccio per riflettere sul rapporto tra essere umano e natura e sulla relazione tra umano e non-umano, e per descrivere l\u2019attuale periodo di crisi attraverso una prospettiva critica capace di riconoscere e recuperare il senso di un\u00a0<em>essere-tra<\/em>:\u00a0<em>tra\u00a0<\/em>un passato caratterizzato dallo sfruttamento e dalla distruzione del territorio e un futuro che appare sempre pi\u00f9 incerto e precario,\u00a0<em>tra\u00a0<\/em>un presente emergenziale sul quale occorre riflettere attentamente in vista di un futuro possibile, che richiede di essere immaginato e rappresentato prima di poter essere concretamente pianificato e costruito.<\/p>\n\n\n\n<p>Questa ampia indagine ecocritica sul racconto audiovisivo offrir\u00e0 l\u2019occasione per tornare a riflettere sul patrimonio storico e culturale della Basilicata e, pi\u00f9 in generale, del Meridione, sulle tradizioni, i valori e i simboli che hanno identificato tale regione del territorio italiano nella seconda met\u00e0 del Novecento e in questo scorcio del XXI secolo, nonch\u00e9 sui modi in cui essi possono essere oggi riattivati e rivitalizzati per il futuro. Un tale approccio ci consentir\u00e0 di raccogliere in un unico volume ricerche e riflessioni eco-filosofiche ed ecocritiche su differenti generi, spaziando dal cinema narrativo a quello documentario. Il volume si propone dunque di abbracciare l\u2019ecocritica cinematografica nel senso ampio qui delineato, come chiave per l\u2019interpretazione del cinema in connessione con la Basilicata e, in senso ampio, con il mezzogiorno d\u2019Italia e l\u2019idea pi\u00f9 generale di Sud.<\/p>\n\n\n\n<p>Il volume intende, quindi, dare evidenza di un dibattito scientifico che interseca differenti ma contigui discorsi sul cinema e sulla teoria del film e dell\u2019audiovisivo con gli studi ambientali, la filosofia ecologica, l\u2019ecologismo e l\u2019ecopoetica. In questo ampio ambito scientifico, il volume si prefigge di attivare e dare forma concreta a uno spazio di riflessione comune in cui i confini tra le diverse discipline coinvolte e le molteplici prospettive di ricerca considerate possano essere efficacemente e utilmente riconsiderati e resi pi\u00f9 permeabili e aperti al dialogo.<\/p>\n\n\n\n<p>A titolo meramente indicativo, e non escludendo ulteriori e differenti prospettive, le proposte potranno riferirsi alle seguenti tematiche e aree di ricerca:<\/p>\n\n\n\n<p><em><em>Sviluppo sostenibile<\/em>;\u00a0<em>Biopolitica<\/em>;\u00a0<em>Capitalismo, speculazione e precariato<\/em>;\u00a0<em>Cambiamento climatico<\/em>;\u00a0<em>Terremoti, catastrofi naturali e altri eventi traumatici<\/em>;\u00a0<em>Ecolinguistica<\/em>;\u00a0<em>Ecosofia<\/em>;\u00a0<em>Eco-citt\u00e0<\/em>;\u00a0<em>Attivismo ambientale<\/em>;\u00a0<em>Arti ambientali<\/em>;\u00a0<em>Etica ambientale<\/em>;\u00a0<em>Storia dell\u2019ambiente<\/em>;\u00a0<em>Etnobiologia<\/em>;\u00a0<em>Ecologia filmica<\/em>;\u00a0<em>Globalizzazione e post- colonialismo<\/em>;\u00a0<em>Ecocinema e cinema ambientale<\/em>;\u00a0<em>Relazione umano\/non-umano<\/em>;\u00a0<em>Gestione\/disconoscimento del rischio ambientale<\/em>;\u00a0<em>Post-umanismo<\/em>;\u00a0<em>Ecologismo queer, eco-femminismo e giustizia ambientale<\/em>;\u00a0<em>Spazi virtuali\/spazi reali<\/em>;\u00a0<em>Guerra, trauma e ambiente<\/em>;\u00a0<em>Covid-19, distanziamento sociale e nuovi rifiuti (mascherine, guanti, sanificanti, ecc.)<\/em>.<\/em><\/p>\n\n\n\n<p>Ricercatori e studiosi di cinema, di\u00a0<em>environmental humanities\u00a0<\/em>e di altre discipline connesse al tema del volume sono invitati a inviare le loro proposte. Nuovi approcci metodologici e teoretici ai contesti disciplinari e culturali considerati verranno accolti con particolare interesse. Le proposte dovranno essere redatte preferibilmente in lingua inglese (o, in alternativa, in lingua italiana) e dovranno includere: un\u00a0<em>abstract\u00a0<\/em>(lunghezza massima 500 parole), da 3 a 5 parole chiave, una breve nota biografica (massimo 150 parole). Le proposte dovranno essere inviate via email a manuela.gieri@unibas.it e alberto.baracco@unibas.it entro il\u00a0<strong>15 marzo 2021<\/strong>. Le relative notifiche di accettazione delle proposte saranno comunicate entro e non oltre il 15 aprile 2021.<\/p>\n\n\n\n<p><\/p>\n\n\n\n<p>Comitato scientifico e organizzativo: <a href=\"mailto:manuela.gieri@unibas.it\">Manuela Gieri<\/a> (Universit\u00e0 della Basilicata, Italia), <a href=\"malto:chiara.simonigh@unito.it\">Chiara Simonigh<\/a> (Universit\u00e0 di Torino, Italia), and <a href=\"mailto:alberto.baracco@unito.it\">Alberto Baracco<\/a> (Universit\u00e0 della Basilicata, Italia).<\/p>\n\n\n\n<p><\/p>\n","protected":false},"excerpt":{"rendered":"<p>Nel cuore del SudBasilicata and Meridione tra rappresentazioni audiovisive ed ecologia Invio delle proposte entro:\u00a015 marzo 2021 Il Dipartimento di Scienze Umane dell\u2019Universit\u00e0 della Basilicata, in collaborazione con il Dipartimento di Lingue e Letterature Straniere e Culture Moderne dell\u2019Universit\u00e0 di Torino, d\u00e0 avvio alla presente iniziativa editoriale finalizzata alla pubblicazione di un volume di saggi &hellip; <\/p>\n<p class=\"link-more\"><a href=\"https:\/\/web.unibas.it\/life\/it\/nel-cuore-del-sud-call-for-papers\/\" class=\"more-link\">Continue reading<span class=\"screen-reader-text\"> &#8220;Nel cuore del Sud &#8211; Call for Papers&#8221;<\/span><\/a><\/p>\n","protected":false},"author":1,"featured_media":0,"parent":0,"menu_order":0,"comment_status":"closed","ping_status":"closed","template":"","meta":{"footnotes":""},"_links":{"self":[{"href":"https:\/\/web.unibas.it\/life\/wp-json\/wp\/v2\/pages\/1221"}],"collection":[{"href":"https:\/\/web.unibas.it\/life\/wp-json\/wp\/v2\/pages"}],"about":[{"href":"https:\/\/web.unibas.it\/life\/wp-json\/wp\/v2\/types\/page"}],"author":[{"embeddable":true,"href":"https:\/\/web.unibas.it\/life\/wp-json\/wp\/v2\/users\/1"}],"replies":[{"embeddable":true,"href":"https:\/\/web.unibas.it\/life\/wp-json\/wp\/v2\/comments?post=1221"}],"version-history":[{"count":2,"href":"https:\/\/web.unibas.it\/life\/wp-json\/wp\/v2\/pages\/1221\/revisions"}],"predecessor-version":[{"id":1225,"href":"https:\/\/web.unibas.it\/life\/wp-json\/wp\/v2\/pages\/1221\/revisions\/1225"}],"wp:attachment":[{"href":"https:\/\/web.unibas.it\/life\/wp-json\/wp\/v2\/media?parent=1221"}],"curies":[{"name":"wp","href":"https:\/\/api.w.org\/{rel}","templated":true}]}}