{"id":1207,"date":"2021-02-02T11:08:45","date_gmt":"2021-02-02T10:08:45","guid":{"rendered":"http:\/\/web.unibas.it\/life\/?page_id=1207"},"modified":"2021-02-02T11:30:22","modified_gmt":"2021-02-02T10:30:22","slug":"conferenza-life-2020-call-for-paper","status":"publish","type":"page","link":"https:\/\/web.unibas.it\/life\/it\/conferenza-life-2020-call-for-paper\/","title":{"rendered":"Conferenza LiFE 2020 &#8211; Call for Papers"},"content":{"rendered":"\n<div class=\"wp-block-group\"><div class=\"wp-block-group__inner-container is-layout-flow wp-block-group-is-layout-flow\">\n<div class=\"wp-block-group is-layout-flow wp-block-group-is-layout-flow\"><div class=\"wp-block-group__inner-container\"><\/div><\/div>\n<\/div><\/div>\n\n\n\n<div class=\"wp-block-image\"><figure class=\"aligncenter\"><a href=\"http:\/\/web.unibas.it\/life\/wordpress\/wp-content\/uploads\/cfp_eng.pdf\" target=\"_blank\" rel=\"noreferrer noopener\"><img decoding=\"async\" src=\"http:\/\/web.unibas.it\/life\/wordpress\/wp-content\/uploads\/pdf_eng.jpg\" alt=\"English CfP download\" class=\"wp-image-256\" title=\"English CfP download\"\/><\/a><\/figure><\/div>\n\n\n\n<div class=\"wp-block-image\"><figure class=\"aligncenter is-resized\"><a href=\"http:\/\/web.unibas.it\/life\/wordpress\/wp-content\/uploads\/cfp_ita.pdf\" target=\"_blank\" rel=\"noreferrer noopener\"><img loading=\"lazy\" decoding=\"async\" src=\"http:\/\/web.unibas.it\/life\/wordpress\/wp-content\/uploads\/pdf_ita.jpg\" alt=\"Italian CfP download\" class=\"wp-image-257\" width=\"51\" height=\"63\" title=\"Italian CfP download\"\/><\/a><\/figure><\/div>\n\n\n\n<p class=\"has-text-align-center\"><strong>Conferenza<\/strong> <strong>LiFE 2020 &nbsp;<br><strong>Lucania tra film ed ecologia <\/strong><\/strong><br><strong><strong>Comunit\u00e0, ambienti, rappresentazioni<\/strong><\/strong><\/p>\n\n\n\n<p class=\"has-text-align-center\"><strong><span style=\"color:#2d765b\" class=\"has-inline-color\">Conferenza online (a bassa emissione, modello NCN)<\/span><\/strong><br><strong><strong>Nuova data limite di invio delle proposte: 15 maggio 2020<\/strong><\/strong><\/p>\n\n\n\n<p class=\"has-text-align-left\">La conferenza internazionale LiFE 2020 \u00e8 organizzato dal Dipartimento di Scienze Umane dell\u2019Universit\u00e0 della Basilicata in collaborazione con il Dipartimento di Lingue e Letterature Straniere e Culture Moderne dell\u2019Universit\u00e0 di Torino. L\u2019iniziativa prende avvio dal Piano Operativo Nazionale \u201cRicerca e Innovazione\u201d 2014-2020.<\/p>\n\n\n\n<p>Il convegno si propone di affrontare le molteplici connessioni che legano la Basilicata al cinema e all\u2019ecologia per riflettere sulle diverse forme e modalit\u00e0 attraverso le quali i differenti contesti storico- sociali e culturali, cittadini e rurali, della regione sono stati variamente espressi e rappresentati. Con lo scopo di esplorare tali connessioni, per mezzo di un ventaglio di prospettive che pu\u00f2 essere sinteticamente identificato con il termine di&nbsp;<em>ecocritica cinematografica<\/em>, far\u00e0 da riferimento il concetto pi\u00f9 generale di \u201cmondo filmico\u201d, inteso come quell\u2019orizzonte ermeneutico all\u2019interno del quale la ricerca ecocritica pu\u00f2 indagare, non solo i differenti modi di rappresentazione della realt\u00e0, ma anche i complessi processi di significazione attraverso i quali la realt\u00e0 stessa pu\u00f2 essere ripensata e trasformata. Sotto questa luce, il cinema pu\u00f2 essere visto come un potente mezzo di trasformazione e cambiamento, che agevola il passaggio da vecchi a nuovi modi di interpretare e abitare il mondo. Questa la cornice teorica di riferimento all\u2019interno della quale prender\u00e0 vita il convegno, nella ferma convinzione che il cinema rappresenti un fecondo mezzo di indagine per la riflessione ecocritica sulla Basilicata, sulla sua storia e la sua identit\u00e0, sul suo territorio e le sue comunit\u00e0.<\/p>\n\n\n\n<p>L\u2019ecocritica cinematografica costituisce infatti un efficace approccio per riflettere sul rapporto tra essere umano e natura, e per descrivere l\u2019attuale crisi ambientale attraverso una prospettiva critica che pone luce su un \u201c<em>esser-tra<\/em>\u201d:&nbsp;<em>tra&nbsp;<\/em>un presente caratterizzato dallo sfruttamento e dalla distruzione del territorio e un futuro che appare sempre pi\u00f9 incerto e precario,&nbsp;<em>tra&nbsp;<\/em>un presente che occorre ancora studiare e analizzare attentamente in vista di un futuro possibile, che richiede di essere immaginato e rappresentato ancora prima che possa essere concretamente pianificato e conquistato. Da questo punto di osservazione, il cinema ci permette di abbandonare la tradizionale visione antropocentrica in favore di una prospettiva ecocentrica maggiormente inclusiva e responsabile. Questa ampia riflessione ecocritica sul cinema offrir\u00e0 l\u2019occasione per riflettere sul patrimonio storico e culturale della Basilicata, sulle sue tradizioni, sui valori e sui simboli che l\u2019hanno identificata nei passati decenni, nonch\u00e9 sui modi in cui essi possono essere riattivati e rivitalizzati per il futuro. Un tale approccio consentir\u00e0 di raccogliere ricerche e riflessioni su differenti tipi e generi di cinema, da quello narrativo a quello documentario.<\/p>\n\n\n\n<p>Il convegno LiFE 2020 si propone dunque di abbracciare l\u2019ecocritica cinematografica nel senso ampio qui delineato, come chiave per l\u2019interpretazione del cinema in connessione con la Basilicata e il suo territorio, e, in senso ampio, con l\u2019idea pi\u00f9 generale di \u201cSud\u201d. Il convegno intende costituirsi come punto di partenza di un dibattito scientifico che coinvolga differenti ma contigui discorsi sul cinema e sulla teoria del film, come gli studi ambientali, la filosofia filmica, la teoria del cinema e la post-analisi, gli studi di genere, gli studi sulla relazione umano\/non-umano, l\u2019ecopoetica. In questo ampio ambito scientifico, il convegno si prefigge di attivare uno spazio di riflessione in cui i confini tra le diverse discipline coinvolte e le molteplici prospettive di ricerca considerate possano essere efficacemente e utilmente riconsiderati e resi pi\u00f9 permeabili e aperti al dialogo.<\/p>\n\n\n\n<p>A semplice titolo indicativo, le proposte potranno riferirsi alle seguenti tematiche:<\/p>\n\n\n\n<ul><li>Sviluppo sostenibile<\/li><li>Biopolitica<\/li><li>Capitalismo, speculazione e precariato<\/li><li>Cambiamento climatico<\/li><li>Terremoti, catastrofi naturali e altri eventi traumatici<\/li><li>Ecolinguistiica<\/li><li>Ecosofia<\/li><li>Eco-citt\u00e0<\/li><li>Attivismo ambientale<\/li><li>Arti ambientali<\/li><li>Etica ambientale<\/li><li>Storia dell\u2019ambiente<\/li><li>Etnobiologia<\/li><li>Ecologia filmica<\/li><li>Globalizzazione e post-colonialismo<\/li><li>Ecocinema e cinema ambientale<\/li><li>Relazione umano\/non-umano<\/li><li>Gestione\/disconoscimento del rischio ambientale<\/li><li>Post-umanismo<\/li><li>Ecologismo&nbsp;<em>queer<\/em>, eco-femminismo e giustizia ambientale<\/li><li>Spazio e ambiente nelle citt\u00e0<\/li><li>Spazi virtuali\/spazi reali<\/li><li>Guerra, trauma e ambiente<\/li><\/ul>\n\n\n\n<p>Ricercatori e studiosi di cinema e di&nbsp;<em>environmental humanities<\/em>, di storiografia, etno-antropologia e di altre discipline connesse al tema del convegno sono invitati a inviare le loro proposte. Nuovi approcci metodologici e teoretici ai contesti disciplinari e culturali considerati verranno accolti con interesse.<\/p>\n\n\n\n<p class=\"has-text-align-left\"><strong><strong>LiFE 2020 nel modello&nbsp;<em>NCN&nbsp;<\/em>(<em>Nearly Carbon-Neutral<\/em>)<\/strong><\/strong>: in un periodo impegnativo e complesso come quello attuale, abbiamo deciso di posticipare la conferenza e modificarne il formato, trasformando LiFE 2020 in una conferenza virtuale online, secondo il modello NCN (<em>nearly carbon-neutral<\/em>). In riferimento a tale modello, la&nbsp;<em>Environmental Huminitaties Initiative&nbsp;<\/em>dell\u2019Universit\u00e0 della California Santa Barbara (USA) ha recentemente stimato che una conferenza accademica, anche di dimensioni ridotte, pu\u00f2 generare l\u2019equivalente di 20.000 libbre (9 tonnellate ca.) di diossido di carbonio, principalmente a causa dei viaggi aerei dei relatori\/partecipanti, un valore equivalente all\u2019impatto totale annuo di dieci persone in India o di trentatr\u00e9 persone in Kenya. Per questo motivo, oltre che per i gravi e complessi problemi legati all&#8217;attuale emergenza sanitaria, che tutti noi speriamo possano essere risolti e superati nel pi\u00f9 breve tempo possibile, crediamo che per una conferenza che affronta questioni ecologiche e ambientali il modello NCN sia pi\u00f9 appropriato. La conferenza LiFE 2020 si svolger\u00e0 dunque interamente online.<\/p>\n\n\n\n<p>Le relazioni da presentare alla conferenza consisteranno in materiali digitali che dovr\u00e0 essere inviati preventivamente dai partecipanti agli organizzatori prima dell\u2019apertura della conferenza. Per la realizzazione delle relazioni potranno essere adottati i seguenti formati: (1) registrazione video, filmata tramite&nbsp;<em>webcam&nbsp;<\/em>o&nbsp;<em>smartphone<\/em>; (2) presentazione PowerPoint, con commento registrato del\/la relatore\/relatrice come voce&nbsp;<em>over<\/em>; (3) un ibrido dei due formati precedenti, con relatore\/relatrice e presentazione alternativamente o simultaneamente presenti sullo schermo. Ogni relazione dovr\u00e0 avere una durata massima di 20 minuti. Le istruzioni per la creazione e l\u2019invio della relazioni verranno fornite dopo l&#8217;accettazione degli&nbsp;<em>abstract<\/em>.<\/p>\n\n\n\n<p>Le relazioni verranno caricate sul sito LiFE 2020 e potranno essere visualizzate in qualsiasi momento durante i giorni della conferenza. La conferenza verr\u00e0 aperta il 21 settembre 2020 e rester\u00e0 attiva online per dieci giorni (dal 21 al 30 settembre). Nei giorni della conferenza, in modalit\u00e0 asincrona, i partecipanti registrati potranno inserire i propri commenti online e porre domande ai relatori, i quali potranno rispondere e sviluppare ulteriormente le loro riflessioni utilizzando lo stesso spazio virtuale.<\/p>\n\n\n\n<p>Pur nella piena consapevolezza che un tale approccio presenta dei limiti rispetto alle modalit\u00e0 di svolgimento delle conferenze convenzionali e all\u2019interazione faccia a faccia, la speranza \u00e8 che questo modello possa comunque favorire riflessioni e dibattiti vivaci, e possa inoltre facilitare la nascita di nuove reti di ricerca che intersechino in modo produttivo e multidisciplinare interessi e campi di studio diversi. Un evidente vantaggio del modello NCN \u00e8 che esso consente la partecipazione anche a quei ricercatori e studiosi che, per molteplici ragioni, non potrebbero essere presenti alla conferenza.<\/p>\n\n\n\n<p>Le lingue ufficiali del convegno saranno l\u2019inglese e l\u2019italiano. Si prega di inviare un&nbsp;<em>abstract&nbsp;<\/em>(lunghezza massima 300 parole) congiuntamente a una breve nota biografica (massimo 150 parole), come documento allegato alla email, a manuela.gieri@unibas.it e\/o alberto.baracco@unibas.it, entro il&nbsp;<strong>15 maggio 2020<\/strong>. Le notifiche di accettazione delle proposte saranno inviate prima possibile. Ulteriori informazioni saranno pubblicate direttamente sul sito dedicato al convegno.<\/p>\n\n\n\n<p><\/p>\n\n\n\n<p>Comitato scientifico e organizzativo: <a href=\"mailto:manuela.gieri@unibas.it\">Manuela Gieri<\/a> (Universit\u00e0 della Basilicata, Italia), <a href=\"malto:chiara.simonigh@unito.it\">Chiara Simonigh<\/a> (Universit\u00e0 di Torino, Italia) e <a href=\"mailto:alberto.baracco@unito.it\">Alberto Baracco<\/a> (Universit\u00e0 della Basilicata, Italia).<\/p>\n\n\n\n<p><\/p>\n","protected":false},"excerpt":{"rendered":"<p>Conferenza LiFE 2020 &nbsp;Lucania tra film ed ecologia Comunit\u00e0, ambienti, rappresentazioni Conferenza online (a bassa emissione, modello NCN)Nuova data limite di invio delle proposte: 15 maggio 2020 La conferenza internazionale LiFE 2020 \u00e8 organizzato dal Dipartimento di Scienze Umane dell\u2019Universit\u00e0 della Basilicata in collaborazione con il Dipartimento di Lingue e Letterature Straniere e Culture Moderne &hellip; <\/p>\n<p class=\"link-more\"><a href=\"https:\/\/web.unibas.it\/life\/it\/conferenza-life-2020-call-for-paper\/\" class=\"more-link\">Continue reading<span class=\"screen-reader-text\"> &#8220;Conferenza LiFE 2020 &#8211; Call for Papers&#8221;<\/span><\/a><\/p>\n","protected":false},"author":1,"featured_media":0,"parent":0,"menu_order":0,"comment_status":"closed","ping_status":"closed","template":"","meta":{"footnotes":""},"_links":{"self":[{"href":"https:\/\/web.unibas.it\/life\/wp-json\/wp\/v2\/pages\/1207"}],"collection":[{"href":"https:\/\/web.unibas.it\/life\/wp-json\/wp\/v2\/pages"}],"about":[{"href":"https:\/\/web.unibas.it\/life\/wp-json\/wp\/v2\/types\/page"}],"author":[{"embeddable":true,"href":"https:\/\/web.unibas.it\/life\/wp-json\/wp\/v2\/users\/1"}],"replies":[{"embeddable":true,"href":"https:\/\/web.unibas.it\/life\/wp-json\/wp\/v2\/comments?post=1207"}],"version-history":[{"count":6,"href":"https:\/\/web.unibas.it\/life\/wp-json\/wp\/v2\/pages\/1207\/revisions"}],"predecessor-version":[{"id":5641,"href":"https:\/\/web.unibas.it\/life\/wp-json\/wp\/v2\/pages\/1207\/revisions\/5641"}],"wp:attachment":[{"href":"https:\/\/web.unibas.it\/life\/wp-json\/wp\/v2\/media?parent=1207"}],"curies":[{"name":"wp","href":"https:\/\/api.w.org\/{rel}","templated":true}]}}