{"id":1192,"date":"2021-02-01T17:01:14","date_gmt":"2021-02-01T16:01:14","guid":{"rendered":"http:\/\/web.unibas.it\/life\/?page_id=1192"},"modified":"2021-02-02T10:56:11","modified_gmt":"2021-02-02T09:56:11","slug":"conferenza-life-2020-relatori","status":"publish","type":"page","link":"https:\/\/web.unibas.it\/life\/it\/conferenza-life-2020-relatori\/","title":{"rendered":"Conferenza LiFE 2020 &#8211; Relatori"},"content":{"rendered":"\n<p style=\"font-size:14px\"><strong><a title=\"abstract &amp; bio\" href=\"http:\/\/web.unibas.it\/life\/index.php\/araneo-abstract\/\">Alessia Araneo <br><\/a><\/strong>Universit\u00e0 Federico II di Napoli (Italia)<\/p>\n\n\n\n<p style=\"font-size:14px\"><a href=\"http:\/\/web.unibas.it\/life\/index.php\/armiero-abstract\/\" title=\"abstract &amp; bio\"><strong>Marco Armiero<\/strong><br><\/a>KTH Royal Institute of Technology, Stockholm (Sweden)<\/p>\n\n\n\n<p style=\"font-size:14px\"><strong><a title=\"abstract &amp; bio\" href=\"http:\/\/web.unibas.it\/life\/index.php\/baracco-abstract\">Alberto Baracco<\/a><\/strong><br>Universit\u00e0 della Basilicata (Italia)<\/p>\n\n\n\n<p style=\"font-size:14px\"><strong><a href=\"http:\/\/web.unibas.it\/life\/index.php\/chirumbolo-abstract\/\" title=\"abstract &amp; bio\">Paolo Chirumbolo<\/a><\/strong><br>Louisiana State University (USA)<\/p>\n\n\n\n<p style=\"font-size:14px\"><strong><a title=\"abstract &amp; bio\" href=\"http:\/\/web.unibas.it\/life\/index.php\/dionisi-abstract\">Chiara Dionisi<\/a><\/strong><br>Universit\u00e0 Roma Tre (Italia)<\/p>\n\n\n\n<p style=\"font-size:14px\"><strong><a title=\"abstract &amp; bio\" href=\"http:\/\/web.unibas.it\/life\/index.php\/gaudiosi-abstract\">Massimiliano Gaudiosi<\/a><\/strong><br>Universit\u00e0 Suor Orsola Benincasa di Napoli (Italia)<\/p>\n\n\n\n<p style=\"font-size:14px\"><strong><a title=\"abstract &amp; bio\" href=\"http:\/\/web.unibas.it\/life\/index.php\/gieri-abstract\">Manuela Gieri<\/a><\/strong><br>Universit\u00e0 della Basilicata (Italia)<\/p>\n\n\n\n<p style=\"font-size:14px\"><strong><a title=\"abstract &amp; bio\" href=\"http:\/\/web.unibas.it\/life\/index.php\/iermano-abstract\">Angelo Iermano<\/a><\/strong><br>Universit\u00e0 della Basilicata (Italia)<\/p>\n\n\n\n<p style=\"font-size:14px\"><strong><a title=\"abstract &amp; bio\" href=\"http:\/\/web.unibas.it\/life\/index.php\/imbriani-abstract\">Maria Teresa Imbriani<\/a><\/strong><br>Universit\u00e0 della Basilicata (Italia)<\/p>\n\n\n\n<p style=\"font-size:14px\"><strong><a href=\"http:\/\/web.unibas.it\/life\/index.php\/krawczyk-abstract\" title=\"abstract &amp; bio\">Michal Krawczyk<\/a><\/strong><br>Griffith University, Brisbane (Australia)<\/p>\n\n\n\n<p style=\"font-size:14px\"><strong><a title=\"abstract &amp; bio\" href=\"http:\/\/web.unibas.it\/life\/index.php\/mattia-abstract\">Giuseppe Mattia<\/a><\/strong><br>Universit\u00e0 di Firenze (Italia)<\/p>\n\n\n\n<p style=\"font-size:14px\"><strong><a title=\"abstract &amp; bio\" href=\"http:\/\/web.unibas.it\/life\/index.php\/mazzola-abstract\">Tiziana Mazzola<\/a><\/strong><br>Istituto \u201cU. Di Pasca\u201d, Potenza (Italia)<\/p>\n\n\n\n<p style=\"font-size:14px\"><strong><a title=\"abstract &amp; bio\" href=\"http:\/\/web.unibas.it\/life\/index.php\/naglieri-abstract\"> Lucrezia Naglieri<\/a><\/strong><br>Ricercatrice indipendente (Italia)<\/p>\n\n\n\n<p style=\"font-size:14px\"><strong><a title=\"abstract &amp; bio\" href=\"http:\/\/web.unibas.it\/life\/index.php\/palmieri-abstract\">Mariangela Palmieri<\/a><\/strong><br>Universit\u00e0 di Salerno (Italia)<\/p>\n\n\n\n<p style=\"font-size:14px\"><strong><a href=\"http:\/\/web.unibas.it\/life\/index.php\/past-abstract\" title=\"abstract &amp; bio\">Elena Past<\/a><\/strong><br>Wayne State University (USA)<\/p>\n\n\n\n<p style=\"font-size:14px\"><strong><a href=\"http:\/\/web.unibas.it\/life\/index.php\/peretti-abstract\" title=\"abstract &amp; bio\">Luca Peretti<\/a><\/strong><br>The Ohio State University (USA)<\/p>\n\n\n\n<p style=\"font-size:14px\"><strong><a href=\"http:\/\/web.unibas.it\/life\/index.php\/schulz-abstract\" title=\"abstract &amp; bio\">Cynthia Schulz<\/a><\/strong><br>Kingston University, London (UK)<\/p>\n\n\n\n<p style=\"font-size:14px\"><a title=\"abstract &amp; bio\" href=\"http:\/\/web.unibas.it\/life\/index.php\/simonigh-abstract\"><strong>Chiara Simonigh<\/strong><br><\/a>Universit\u00e0 di Torino (Italia)<\/p>\n\n\n\n<p style=\"font-size:14px\"><strong><a title=\"abstract &amp; bio\" href=\"http:\/\/web.unibas.it\/life\/index.php\/stergar-abstract\">Steven Stergar<\/a><\/strong><br>Universit\u00e0 di Udine (Italia)<\/p>\n\n\n\n<p style=\"font-size:14px\"><strong><a title=\"abstract &amp; bio\" href=\"http:\/\/web.unibas.it\/life\/index.php\/zaccagnino-abstract\">Aurora Zaccagnino<\/a><\/strong><br>Universit\u00e0 della Basilicata (Italia)<\/p>\n","protected":false},"excerpt":{"rendered":"<p>Alessia Araneo Universit\u00e0 Federico II di Napoli (Italia) Marco ArmieroKTH Royal Institute of Technology, Stockholm (Sweden) Alberto BaraccoUniversit\u00e0 della Basilicata (Italia) Paolo ChirumboloLouisiana State University (USA) Chiara DionisiUniversit\u00e0 Roma Tre (Italia) Massimiliano GaudiosiUniversit\u00e0 Suor Orsola Benincasa di Napoli (Italia) Manuela GieriUniversit\u00e0 della Basilicata (Italia) Angelo IermanoUniversit\u00e0 della Basilicata (Italia) Maria Teresa ImbrianiUniversit\u00e0 della Basilicata (Italia) &hellip; <\/p>\n<p class=\"link-more\"><a href=\"https:\/\/web.unibas.it\/life\/it\/conferenza-life-2020-relatori\/\" class=\"more-link\">Continue reading<span class=\"screen-reader-text\"> &#8220;Conferenza LiFE 2020 &#8211; Relatori&#8221;<\/span><\/a><\/p>\n","protected":false},"author":1,"featured_media":0,"parent":0,"menu_order":0,"comment_status":"closed","ping_status":"closed","template":"","meta":{"footnotes":""},"_links":{"self":[{"href":"https:\/\/web.unibas.it\/life\/wp-json\/wp\/v2\/pages\/1192"}],"collection":[{"href":"https:\/\/web.unibas.it\/life\/wp-json\/wp\/v2\/pages"}],"about":[{"href":"https:\/\/web.unibas.it\/life\/wp-json\/wp\/v2\/types\/page"}],"author":[{"embeddable":true,"href":"https:\/\/web.unibas.it\/life\/wp-json\/wp\/v2\/users\/1"}],"replies":[{"embeddable":true,"href":"https:\/\/web.unibas.it\/life\/wp-json\/wp\/v2\/comments?post=1192"}],"version-history":[{"count":4,"href":"https:\/\/web.unibas.it\/life\/wp-json\/wp\/v2\/pages\/1192\/revisions"}],"predecessor-version":[{"id":1205,"href":"https:\/\/web.unibas.it\/life\/wp-json\/wp\/v2\/pages\/1192\/revisions\/1205"}],"wp:attachment":[{"href":"https:\/\/web.unibas.it\/life\/wp-json\/wp\/v2\/media?parent=1192"}],"curies":[{"name":"wp","href":"https:\/\/api.w.org\/{rel}","templated":true}]}}