{"id":1185,"date":"2021-01-29T17:24:01","date_gmt":"2021-01-29T16:24:01","guid":{"rendered":"http:\/\/web.unibas.it\/life\/?page_id=1185"},"modified":"2021-02-04T12:36:07","modified_gmt":"2021-02-04T11:36:07","slug":"conferenza-life-2020-programma","status":"publish","type":"page","link":"https:\/\/web.unibas.it\/life\/it\/conferenza-life-2020-programma\/","title":{"rendered":"Conferenza LiFE 2020 &#8211; Programma"},"content":{"rendered":"\n<div class=\"wp-block-image\"><figure class=\"aligncenter size-large is-resized\"><img loading=\"lazy\" decoding=\"async\" src=\"http:\/\/web.unibas.it\/life\/wordpress\/wp-content\/uploads\/logo_life2020.png\" alt=\"\" class=\"wp-image-692\" width=\"138\" height=\"141\"\/><\/figure><\/div>\n\n\n\n<p class=\"has-text-color has-text-align-center has-medium-font-size has-very-dark-gray-color\"><strong>LiFE 2020<br>21\u201330 settembre 2020<\/strong><\/p>\n\n\n\n<p style=\"font-size:14px\" class=\"has-text-align-center\"><strong>Conferenza a bassa emissione (<em>Nearly Carbon-Neutral<\/em>)<\/strong><\/p>\n\n\n\n<p class=\"has-text-align-center has-small-font-size\">Per una descrizione dell&#8217;approccio NCN, si rimanda alla <a rel=\"noreferrer noopener\" href=\"http:\/\/ehc.english.ucsb.edu\/?page_id=14080\" target=\"_blank\">Guida pratica<\/a> di Ken Hiltner.<\/p>\n\n\n\n<p style=\"font-size:15px\" class=\"has-text-align-left\">Il convegno LiFE 2020 si propone di affrontare le molteplici connessioni che legano la Basilicata, e in senso pi\u00f9 generale il \u2018Sud\u2019, al cinema e all\u2019ecologia, per riflettere sulle diverse forme e modalit\u00e0 attraverso le quali i differenti contesti storico-sociali e culturali, cittadini e rurali, della regione sono stati variamente espressi e rappresentati. Con lo scopo di esplorare tali connessioni, per mezzo di un ventaglio di prospettive che pu\u00f2 essere sinteticamente identificato con il termine di&nbsp;<em>ecocritica cinematografica<\/em>, far\u00e0 da riferimento il concetto pi\u00f9 generale di \u201cmondo filmico\u201d, inteso come quell\u2019orizzonte ermeneutico all\u2019interno del quale la ricerca ecocritica pu\u00f2 indagare, non solo i differenti modi di rappresentazione della realt\u00e0, ma anche i complessi processi di significazione attraverso i quali la realt\u00e0 stessa pu\u00f2 essere ripensata e trasformata. Sotto questa luce, il cinema pu\u00f2 essere visto come un potente mezzo di trasformazione e cambiamento, che agevola il passaggio da vecchi a nuovi modi di interpretare e abitare il mondo. Questa la cornice teorica di riferimento all\u2019interno della quale prender\u00e0 vita il convegno, nella ferma convinzione che il cinema rappresenti un fecondo mezzo di indagine per la riflessione ecocritica sulla Basilicata, sulla sua storia e la sua identit\u00e0, sul suo territorio e le sue comunit\u00e0.<\/p>\n\n\n\n<hr class=\"wp-block-separator\">\n\n\n<figure class=\"wp-block-gallery columns-1 is-cropped\">\n<ul class=\"blocks-gallery-grid aligncenter\">\n<li class=\"blocks-gallery-item aligncenter\"><a href=\"http:\/\/web.unibas.it\/life\/wordpress\/wp-content\/uploads\/programma.pdf\" target=\"_blank\" rel=\"noopener noreferrer\"><img loading=\"lazy\" decoding=\"async\" class=\"wp-image-256 aligncenter\" title=\"Download programma\" src=\"http:\/\/web.unibas.it\/life\/wordpress\/wp-content\/uploads\/pdf_ita.jpg\" alt=\"Download programma\" width=\"51\" height=\"63\"><\/a><\/li>\n<\/ul>\n<\/figure>\n\n\n<p class=\"has-text-color has-text-align-center has-vivid-red-color\"><strong>PROGRAMMA<\/strong><\/p>\n\n\n\n<p style=\"font-size:15px\" class=\"has-text-color has-text-align-center has-very-dark-gray-color\"><spam style=\"font-size:14px; color:red\">Opening Talk<\/spam><br><strong><a title=\"video talk\" href=\"http:\/\/web.unibas.it\/life\/index.php\/it\/2021\/02\/04\/panel1it#video_armiero\">Marco Armiero<\/a><\/strong><br>Sabotare il&nbsp;<em>Wasteocene<\/em>. Narrative tossiche e <br>pratiche di&nbsp;<em>commoning&nbsp;<\/em>nelle periferie del capitalismo<br>&nbsp;<\/p>\n\n\n\n<p class=\"has-text-color has-text-align-center has-vivid-red-color\"><strong>PANEL<\/strong><\/p>\n\n\n\n<p><strong><spam style=\"font-size:14px; color:red\">Panel&nbsp;1<\/spam> <\/strong>&#8211;<strong> <a title=\"video talks\" href=\"http:\/\/web.unibas.it\/life\/index.php\/it\/2021\/02\/04\/panel1it#video_panel1\">Storie, memorie, identit\u00e0<\/a><\/strong><\/p>\n\n\n\n<p style=\"font-size:15px\"><spam style=\"font-size:14px; color:red\">Keynote Talk<\/spam><br><strong><a title=\"video talk\" href=\"http:\/\/web.unibas.it\/life\/index.php\/it\/2021\/02\/04\/panel1it#video_gieri\">Manuela Gieri<\/a><\/strong><br>Verso Sud: per una nuova ecologia dello sguardo<br><br><spam style=\"font-size:14px; color:red\">1A<\/spam> &#8211; <strong><a title=\"video talk\" href=\"http:\/\/web.unibas.it\/life\/index.php\/it\/2021\/02\/04\/panel1it#video_imbriani\">Maria Teresa Imbriani<\/a><\/strong> and<strong> <a title=\"video talk\" href=\"http:\/\/web.unibas.it\/life\/index.php\/it\/2021\/02\/04\/panel1it#video_imbriani\">Tiziana Mazzola<\/a><\/strong><br><em><em>Rocco e i suoi fratelli<\/em><\/em>:<em> <\/em>la Lucania di Luchino Visconti tra reale e immaginario<br>In memoria di Rocco Mazzola<br><br><spam style=\"font-size:14px; color:red\">1B<\/spam> &#8211; <strong><a href=\"http:\/\/web.unibas.it\/life\/index.php\/it\/2021\/02\/04\/panel1it#video_chirumbolo\">Paolo Chirumbolo<\/a><\/strong><br>Petrolio e documentari: alcune note su&nbsp;<em>Pietre, miracoli e petrolio&nbsp;<\/em>(Pannone, 2004) e&nbsp;<em>Nero d\u2019Italia&nbsp;<\/em>(Castellano, 2013)<br><br><spam style=\"font-size:14px; color:red\">1C<\/spam> &#8211; <strong><a title=\"video talk\" href=\"http:\/\/web.unibas.it\/life\/index.php\/it\/2021\/02\/04\/panel1it#video_peretti\">Luca Peretti<\/a><\/strong><br><em><em>Ch4 Lucania<\/em><\/em>. ENI in Basilicata, paesaggio e lavoro industriale<br><br><spam style=\"font-size:14px; color:red\">1D<\/spam> &#8211; <strong><a title=\"video talk\" href=\"http:\/\/web.unibas.it\/life\/index.php\/it\/2021\/02\/04\/panel1it#video_schulz\">Cynthia Schulz<\/a><\/strong><br>\u00abLa terra parla a tutti noi\u00bb: ecologia&nbsp;<em>queer<\/em>&nbsp;ne&nbsp;<em>Il castello nel cielo&nbsp;<\/em>di Miyazaki<\/p>\n\n\n\n<hr class=\"wp-block-separator\" style=\"width:50%;text-align:left;margin-left:0\">\n\n\n\n<p><strong><spam style=\"font-size:14px; color:red\">Panel&nbsp;2<\/spam> <\/strong>&#8211;<strong> <a title=\"video talks\" href=\"http:\/\/web.unibas.it\/life\/index.php\/it\/2021\/02\/04\/panel2it\/\"><strong>Luoghi, paesaggi, relazioni<\/strong><\/a><\/strong><\/p>\n\n\n\n<p style=\"font-size:15px\"><spam style=\"font-size:14px; color:red\">Keynote Talk<\/spam><br><strong><a title=\"video talk\" href=\"http:\/\/web.unibas.it\/life\/index.php\/it\/2021\/02\/04\/panel2it#video_simonigh\">Chiara Simonigh<\/a><\/strong><br>Paesaggio, estetica, complessit\u00e0. Un\u2019ipotesi di ricerca<br><br><spam style=\"font-size:14px; color:red\">2A<\/spam> &#8211; <strong><a title=\"video talk\" href=\"http:\/\/web.unibas.it\/life\/index.php\/it\/2021\/02\/04\/panel2it#video_gaudiosi\">Massimiliano Gaudiosi<\/a><\/strong><br>Basilicata dentro e fuori: il paesaggio lucano e il rapporto interno\/esterno nel cinema di non-fiction<br><br><spam style=\"font-size:14px; color:red\">2B<\/spam> &#8211; <strong><a title=\"video talk\" href=\"http:\/\/web.unibas.it\/life\/index.php\/it\/2021\/02\/04\/panel2it#video_mattia\">Giuseppe Mattia<\/a><\/strong> <br>Divina e diabolica Lucania tra anni Cinquanta e Sessanta. Da De Martino a Di Gianni e Rondi<br><br><spam style=\"font-size:14px; color:red\">2C<\/spam> &#8211; <strong><a title=\"video talk\" href=\"http:\/\/web.unibas.it\/life\/index.php\/it\/2021\/02\/04\/panel2it#video_araneo\">Alessia Araneo<\/a><\/strong><br>La relazione uomo-mondo ai tempi del capitalismo<\/p>\n\n\n\n<hr class=\"wp-block-separator\" style=\"width:50%;text-align:left;margin-left:0\">\n\n\n\n<p><strong><spam style=\"font-size:14px; color:red\">Panel&nbsp;3<\/spam> <\/strong>&#8211;<strong> <a title=\"video talks\" href=\"http:\/\/web.unibas.it\/life\/index.php\/it\/2021\/02\/04\/panel3it\/\"><strong>Viaggi, percorsi, narrazioni<\/strong><\/a><\/strong><\/p>\n\n\n\n<p style=\"font-size:15px\"><spam style=\"font-size:14px; color:red\">Keynote Talk<\/spam> <br><strong><a title=\"video talk\" href=\"http:\/\/web.unibas.it\/life\/index.php\/it\/2021\/02\/04\/panel3it#video_past\">Elena Past<\/a><\/strong><br>Ecocritica itinerante e cinema italiano in cammino<br><br><spam style=\"font-size:14px; color:red\">3A<\/spam> &#8211; <strong><a title=\"video talk\" href=\"http:\/\/web.unibas.it\/life\/index.php\/it\/2021\/02\/04\/panel3it#video_dionisi\">Chiara Dionisi<\/a><\/strong><br><em>Alberi&nbsp;<\/em>di Michelangelo Frammartino. Il culto arboreo di una terra tra mito antropologico e racconto ecocritico<br><br><spam style=\"font-size:14px; color:red\">3B<\/spam> &#8211; <strong><a title=\"video talk\" href=\"http:\/\/web.unibas.it\/life\/index.php\/it\/2021\/02\/04\/panel3it#video_naglieri\">Lucrezia Naglieri<\/a><\/strong><br>I film di Nicola Ragone, fra arte, ecologia e marginalit\u00e0<br><br><spam style=\"font-size:14px; color:red\">3C<\/spam> &#8211; <strong><a title=\"video talk\" href=\"http:\/\/web.unibas.it\/life\/index.php\/it\/2021\/02\/04\/panel3it#video_krawczyk\">Michael Krawczyk<\/a><\/strong><br>Abitare il Sud. Terra, permacultura e cinema<br><br><spam style=\"font-size:14px; color:red\">3D<\/spam> &#8211; <strong><a title=\"video talk\" href=\"http:\/\/web.unibas.it\/life\/index.php\/it\/2021\/02\/04\/panel3it#video_iermano\">Angelo Iermano<\/a><\/strong><br>Eroi del paesaggio urbano: Roma in&nbsp;<em>Lo chiamavano Jeeg Robot<\/em><\/p>\n\n\n\n<hr class=\"wp-block-separator\" style=\"width:50%;text-align:left;margin-left:0\">\n\n\n\n<p><strong><spam style=\"font-size:14px; color:red\">Panel&nbsp;4<\/spam> <\/strong>&#8211;<strong> <a title=\"video talks\" href=\"http:\/\/web.unibas.it\/life\/index.php\/it\/2021\/02\/04\/panel4it\/\"><strong>Conflitti, traumi, ricostruzioni<\/strong><\/a><\/strong><\/p>\n\n\n\n<p style=\"font-size:15px\"><spam style=\"font-size:14px; color:red\">Keynote Talk<\/spam> <br><strong><a title=\"video talk\" href=\"http:\/\/web.unibas.it\/life\/index.php\/it\/2021\/02\/04\/panel4it#video_baracco\">Alberto Baracco<\/a><\/strong><br>Lucania, terra di fiabe e di film. Dal&nbsp;<em>Cunto de li cunti&nbsp;<\/em>di Basile a&nbsp;<em>Lucania. Terra, sangue e magia&nbsp;<\/em>di Roccati<br><br><spam style=\"font-size:14px; color:red\">4A<\/spam> &#8211; <strong><a title=\"video talk\" href=\"http:\/\/web.unibas.it\/life\/index.php\/it\/2021\/02\/04\/panel4it#video_palmieri\">Mariangela Palmieri<\/a><\/strong><br>La Basilicata in trasformazione nel documentario italiano del secondo dopoguerra<br><br><spam style=\"font-size:14px; color:red\">4B<\/spam> &#8211; <strong><a href=\"http:\/\/web.unibas.it\/life\/index.php\/it\/2021\/02\/04\/panel4it#video_zaccagnino\">Aurora Zaccagnino<\/a><\/strong><br>La \u00abvalle inferna\u00bb di Isabella di Morra tra mito e realt\u00e0. A proposito del film&nbsp;<em>Sexum superando<\/em><br><br><spam style=\"font-size:14px; color:red\">4C<\/spam> &#8211; <strong><a title=\"video talk\" href=\"http:\/\/web.unibas.it\/life\/index.php\/it\/2021\/02\/04\/panel4it#video_stergar\">Steven Stergar<\/a><\/strong><br>Come offrire consapevolezza ambientale attraverso i media: ecologia, partecipazione, resistenza<\/p>\n\n\n\n<div style=\"height:48px\" aria-hidden=\"true\" class=\"wp-block-spacer\"><\/div>\n\n\n\n<hr class=\"wp-block-separator\"\/>\n\n\n\n<p class=\"has-text-align-center has-small-font-size\">Comitato scientifico e organizzativo <br>Manuela Gieri, Chiara Simonigh, Alberto Baracco<\/p>\n","protected":false},"excerpt":{"rendered":"<p>LiFE 202021\u201330 settembre 2020 Conferenza a bassa emissione (Nearly Carbon-Neutral) Per una descrizione dell&#8217;approccio NCN, si rimanda alla Guida pratica di Ken Hiltner. Il convegno LiFE 2020 si propone di affrontare le molteplici connessioni che legano la Basilicata, e in senso pi\u00f9 generale il \u2018Sud\u2019, al cinema e all\u2019ecologia, per riflettere sulle diverse forme e &hellip; <\/p>\n<p class=\"link-more\"><a href=\"https:\/\/web.unibas.it\/life\/it\/conferenza-life-2020-programma\/\" class=\"more-link\">Continue reading<span class=\"screen-reader-text\"> &#8220;Conferenza LiFE 2020 &#8211; Programma&#8221;<\/span><\/a><\/p>\n","protected":false},"author":1,"featured_media":0,"parent":0,"menu_order":0,"comment_status":"closed","ping_status":"closed","template":"","meta":{"footnotes":""},"_links":{"self":[{"href":"https:\/\/web.unibas.it\/life\/wp-json\/wp\/v2\/pages\/1185"}],"collection":[{"href":"https:\/\/web.unibas.it\/life\/wp-json\/wp\/v2\/pages"}],"about":[{"href":"https:\/\/web.unibas.it\/life\/wp-json\/wp\/v2\/types\/page"}],"author":[{"embeddable":true,"href":"https:\/\/web.unibas.it\/life\/wp-json\/wp\/v2\/users\/1"}],"replies":[{"embeddable":true,"href":"https:\/\/web.unibas.it\/life\/wp-json\/wp\/v2\/comments?post=1185"}],"version-history":[{"count":13,"href":"https:\/\/web.unibas.it\/life\/wp-json\/wp\/v2\/pages\/1185\/revisions"}],"predecessor-version":[{"id":1335,"href":"https:\/\/web.unibas.it\/life\/wp-json\/wp\/v2\/pages\/1185\/revisions\/1335"}],"wp:attachment":[{"href":"https:\/\/web.unibas.it\/life\/wp-json\/wp\/v2\/media?parent=1185"}],"curies":[{"name":"wp","href":"https:\/\/api.w.org\/{rel}","templated":true}]}}