{"id":1124,"date":"2021-01-27T12:26:46","date_gmt":"2021-01-27T11:26:46","guid":{"rendered":"http:\/\/web.unibas.it\/life\/?page_id=1124"},"modified":"2024-01-18T13:01:26","modified_gmt":"2024-01-18T12:01:26","slug":"chi-siamo","status":"publish","type":"page","link":"https:\/\/web.unibas.it\/life\/it\/chi-siamo\/","title":{"rendered":"Chi siamo"},"content":{"rendered":"\n<p>L&#8217; <strong><a rel=\"noreferrer noopener\" href=\"http:\/\/www.unibas.it\" target=\"_blank\">Universit\u00e0 della Basilicata<\/a><\/strong> (UniBas)  nasce sulle macerie del terribile terremoto del 1980. Il 23 novembre una scossa del decimo grado della scala Mercalli (magnitudo 6,9) devast\u00f2 la Campania e la Basilicata provocando 2.914 morti. Al sisma segu\u00ec l\u2019intervento dello Stato per il processo di ricostruzione delle aree colpite dal sisma, con l\u2019approvazione della legge 219 del 1981, che di fatto mise in piedi il progetto dell\u2019Ateneo.<br>&#8220;<em>Ecco perch\u00e9 noi celebriamo il nostro annuale dies academicus il 23 novembre di ogni anno, perch\u00e9 l&#8217;Universit\u00e0 sia per le genti lucane segno di rinascita e di risurrezione, di glorioso ritorno alla vita, di consapevole speranza verso un avvenire migliore<\/em>&#8220;.<br>(Cosimo Damiano Fonseca, Rettore dell&#8217;Universit\u00e0 della Basilicata, indirizzo di saluto in occasione della visita del Papa, 1991)<\/p>\n\n\n\n<p>Il<strong> <a rel=\"noreferrer noopener\" href=\"http:\/\/disu.unibas.it\/site\/home.html\" target=\"_blank\">Dipartmento di Scienze Umane<\/a><\/strong> (DiSU) da un lato progetta e realizza l\u2019offerta formativa in ambito umanistico, e dall\u2019altro coordina la ricerca scientifica nella stessa area. Nel Dipartimento trovano la loro naturale collocazione, sia per la ricerca sia per la didattica, gli insegnamenti che afferiscono alle Scienze dell\u2019Antichit\u00e0, nonch\u00e9 a quelle Filologico-letterarie e Storico-artistiche, ma anche quelle delle Scienze Storiche, Filosofiche, Pedagogiche e Psicologiche. A queste si aggiungono le discipline che, pur appartenendo alle Scienze Giuridiche e alle Scienze Politiche e Sociali, hanno caratterizzato, con le rispettive attivit\u00e0 di ricerca e di didattica, lo sviluppo dell\u2019area umanistica dell\u2019Ateneo. <\/p>\n\n\n\n<p><\/p>\n\n\n\n<p style=\"font-size:15px\" class=\"has-text-align-center\"><strong>Comitato scientifico e organizzativo<\/strong><br><a title=\"email\" href=\"mailto:alberto.baracco@unibas.it\">Alberto Baracco<\/a>&nbsp;(Universit\u00e0 della Basilicata)<br><a title=\"email\" href=\"mailto:manuela.gieri@unibas.it\">Manuela Gieri<\/a>&nbsp;(Universit\u00e0 della Basilicata)<br><a title=\"email\" href=\"malto:chiara.simonigh@unito.it\">Chiara Simonigh<\/a>&nbsp;(Universit\u00e0 di Torino)<br><br><em>Turin International Group of Environmental Humanities Research<\/em><\/p>\n\n\n\n<hr class=\"wp-block-separator\"\/>\n\n\n\n<p style=\"font-size:15px\" class=\"has-text-align-center\">DiSU &#8211; Dipartmento di Scienze Umane<br>Universit\u00e0 della Basilicata&nbsp;&#8211; Sede del Francioso<br>Via Nazario Sauro, 85 &#8211; Potenza (PZ) 85100 (Italia)<br><br>E-mail:&nbsp;<a href=\"mailto:disu.didattica@unibas.it\">disu.didattica@unibas.it<\/a><br>Telephone: +39 0971 202164<br>Website:&nbsp;<a rel=\"noreferrer noopener\" href=\"http:\/\/disu.unibas.it\/site\/home.html\" target=\"_blank\">disu.unibas.it<\/a><\/p>\n","protected":false},"excerpt":{"rendered":"<p>L&#8217; Universit\u00e0 della Basilicata (UniBas) nasce sulle macerie del terribile terremoto del 1980. Il 23 novembre una scossa del decimo grado della scala Mercalli (magnitudo 6,9) devast\u00f2 la Campania e la Basilicata provocando 2.914 morti. Al sisma segu\u00ec l\u2019intervento dello Stato per il processo di ricostruzione delle aree colpite dal sisma, con l\u2019approvazione della legge &hellip; <\/p>\n<p class=\"link-more\"><a href=\"https:\/\/web.unibas.it\/life\/it\/chi-siamo\/\" class=\"more-link\">Continue reading<span class=\"screen-reader-text\"> &#8220;Chi siamo&#8221;<\/span><\/a><\/p>\n","protected":false},"author":1,"featured_media":0,"parent":0,"menu_order":0,"comment_status":"closed","ping_status":"closed","template":"","meta":{"footnotes":""},"_links":{"self":[{"href":"https:\/\/web.unibas.it\/life\/wp-json\/wp\/v2\/pages\/1124"}],"collection":[{"href":"https:\/\/web.unibas.it\/life\/wp-json\/wp\/v2\/pages"}],"about":[{"href":"https:\/\/web.unibas.it\/life\/wp-json\/wp\/v2\/types\/page"}],"author":[{"embeddable":true,"href":"https:\/\/web.unibas.it\/life\/wp-json\/wp\/v2\/users\/1"}],"replies":[{"embeddable":true,"href":"https:\/\/web.unibas.it\/life\/wp-json\/wp\/v2\/comments?post=1124"}],"version-history":[{"count":3,"href":"https:\/\/web.unibas.it\/life\/wp-json\/wp\/v2\/pages\/1124\/revisions"}],"predecessor-version":[{"id":5674,"href":"https:\/\/web.unibas.it\/life\/wp-json\/wp\/v2\/pages\/1124\/revisions\/5674"}],"wp:attachment":[{"href":"https:\/\/web.unibas.it\/life\/wp-json\/wp\/v2\/media?parent=1124"}],"curies":[{"name":"wp","href":"https:\/\/api.w.org\/{rel}","templated":true}]}}