{"id":499,"date":"2022-07-12T18:14:34","date_gmt":"2022-07-12T16:14:34","guid":{"rendered":"http:\/\/web.unibas.it\/begin\/?page_id=499"},"modified":"2022-07-27T13:47:17","modified_gmt":"2022-07-27T11:47:17","slug":"los-casos-de-estudio","status":"publish","type":"page","link":"https:\/\/web.unibas.it\/begin\/?page_id=499&lang=es","title":{"rendered":"Los casos de estudio"},"content":{"rendered":"<p>Los lugares de estudio se seleccionaron por estar relacionados con diferentes causas de abandono, como los deslizamientos de tierras y la construcci\u00f3n de centrales hidroel\u00e9ctricas. Esto permitir\u00e1 comparar el sistema de gesti\u00f3n y utilizaci\u00f3n de lugares que tienen las mismas causas de abandono (construcci\u00f3n de centrales hidroel\u00e9ctricas) con un lugar abandonado por diferentes razones (deslizamiento de tierra).<\/p>\n<p>En particular, los pa\u00edses &#8220;fantasma&#8221; propuestos como objetos de an\u00e1lisis en este proyecto son:<\/p>\n<ol>\n<li><strong>Craco<\/strong>, Basilicata,<\/li>\n<li><strong>Vilarinho da Furna<\/strong>, Portugal;<\/li>\n<li><strong>Himara<\/strong>, Albania.<\/li>\n<\/ol>\n<p>El papel crucial se atribuye al casco antiguo de <strong>Craco<\/strong>, elegido tambi\u00e9n como prueba site para la experimentaci\u00f3n de algunas acciones. Craco, situado en una zona de atracci\u00f3n sociocultural y medioambiental de importancia nacional, fue abandonado a partir de los a\u00f1os sesenta del siglo XX debido a los efectos parox\u00edsticos de un deslizamiento de tierras cuya actividad se remonta al menos a principios del siglo XIX. El sitio es un destino tur\u00edstico de gran inter\u00e9s y pueblo abandonado de importante valor internacional.<\/p>\n<p>En el caso de Albania, el lugar elegido es el pueblo abandonado de <strong>Himara<\/strong>. Antes viv\u00edan cientos de familias, ahora s\u00f3lo quedan 20 o 30. En efecto, en 1945, en los albores del r\u00e9gimen comunista, muchos habitantes huyeron de las persecuciones y no volvieron a sus casas.<\/p>\n<p><a href=\"https:\/\/www.youtube.com\/watch?v=oIofO6B2g7Q\"><strong>Vilarinho da Furna<\/strong><\/a> era un peque\u00f1o pueblo en el noreste del municipio de Terras de Bouro (distrito de Braga; NW Portugal), incluido en el Parque Nacional de Peneda-Ger\u00eas. El pueblo fue abandonado y sumergido en 1972 debido a la construcci\u00f3n de la central hidroel\u00e9ctrica de Vilarinho da Furna. En primavera-verano el sitio es visitable y el acceso es administrado por el local museo etnogr\u00e1fico (Museu Etnogr\u00e1fico de <em>Vilarinho da Furna<\/em>).<\/p>\n<figure style=\"display: block; margin-left: auto; margin-right: auto; width: 60%;\"><\/figure>\n<p><img src=\"https:\/\/web.unibas.it\/begin\/wp-content\/uploads\/2022\/02\/earth.jpg\" \/><b>Ubicaci\u00f3n geogr\u00e1fica de los tres sitios encuestados<\/b><\/p>\n<div><\/div>\n","protected":false},"excerpt":{"rendered":"<p>Los lugares de estudio se seleccionaron por estar relacionados con diferentes causas de abandono, como los deslizamientos de tierras y la construcci\u00f3n de centrales hidroel\u00e9ctricas&#8230;.<\/p>\n","protected":false},"author":1,"featured_media":0,"parent":0,"menu_order":0,"comment_status":"closed","ping_status":"closed","template":"","meta":[],"_links":{"self":[{"href":"https:\/\/web.unibas.it\/begin\/index.php?rest_route=\/wp\/v2\/pages\/499"}],"collection":[{"href":"https:\/\/web.unibas.it\/begin\/index.php?rest_route=\/wp\/v2\/pages"}],"about":[{"href":"https:\/\/web.unibas.it\/begin\/index.php?rest_route=\/wp\/v2\/types\/page"}],"author":[{"embeddable":true,"href":"https:\/\/web.unibas.it\/begin\/index.php?rest_route=\/wp\/v2\/users\/1"}],"replies":[{"embeddable":true,"href":"https:\/\/web.unibas.it\/begin\/index.php?rest_route=%2Fwp%2Fv2%2Fcomments&post=499"}],"version-history":[{"count":6,"href":"https:\/\/web.unibas.it\/begin\/index.php?rest_route=\/wp\/v2\/pages\/499\/revisions"}],"predecessor-version":[{"id":543,"href":"https:\/\/web.unibas.it\/begin\/index.php?rest_route=\/wp\/v2\/pages\/499\/revisions\/543"}],"wp:attachment":[{"href":"https:\/\/web.unibas.it\/begin\/index.php?rest_route=%2Fwp%2Fv2%2Fmedia&parent=499"}],"curies":[{"name":"wp","href":"https:\/\/api.w.org\/{rel}","templated":true}]}}