{"id":478,"date":"2022-07-12T17:47:11","date_gmt":"2022-07-12T15:47:11","guid":{"rendered":"http:\/\/web.unibas.it\/begin\/?page_id=478"},"modified":"2022-10-02T18:25:44","modified_gmt":"2022-10-02T16:25:44","slug":"objetivos-y-metas","status":"publish","type":"page","link":"https:\/\/web.unibas.it\/begin\/?page_id=478&lang=es","title":{"rendered":"Objetivos y metas"},"content":{"rendered":"<p>El proyecto BEGIN se propone desarrollar un protocolo metodol\u00f3gico-operativo de m\u00faltiples niveles de utilidad en contextos regionales, nacionales, europeos y extra-UE, destinado a la difusi\u00f3n del conocimiento, la conservaci\u00f3n, la regeneraci\u00f3n, valorizaci\u00f3n, aprovechamiento y gesti\u00f3n de los pa\u00edses abandonados.<\/p>\n<p>El Proyecto prev\u00e9, adem\u00e1s, la realizaci\u00f3n de:<\/p>\n<ol>\n<li><span class=\"VIiyi\" lang=\"es\"><span class=\"JLqJ4b ChMk0b\"><span class=\"Q4iAWc\">El censo y catalogaci\u00f3n de los pueblos abandonados en Italia;<\/span><\/span><\/span><\/li>\n<li>un Centro de Documentaci\u00f3n e Interpretaci\u00f3n sobre las ghost-town de la zona euromediterr\u00e1nea;<\/li>\n<li>una plataforma prototipal para aplicaciones en realidad virtual para el conocimiento, la explotaci\u00f3n y el uso de Craco;<\/li>\n<li>una plataforma web GIS para el conocimiento multinivel y multitemporal de Craco;<\/li>\n<li>la elaboraci\u00f3n de un proyecto piloto para la geoconservaci\u00f3n de Craco;<\/li>\n<li>la elaboraci\u00f3n de un manual de buenas pr\u00e1cticas para la geoconservaci\u00f3n de los lugares abandonados;<\/li>\n<li>la elaboraci\u00f3n de un manual de buenas pr\u00e1cticas para la explotaci\u00f3n y utilizaci\u00f3n de los emplazamientos abandonados.<\/li>\n<\/ol>\n<p><img loading=\"lazy\" class=\"size-medium aligncenter\" src=\"https:\/\/web.unibas.it\/begin\/wp-content\/uploads\/2022\/02\/obiettivi.png\" width=\"667\" height=\"297\" \/><\/p>\n","protected":false},"excerpt":{"rendered":"<p>El proyecto BEGIN se propone desarrollar un protocolo metodol\u00f3gico-operativo de m\u00faltiples niveles de utilidad en contextos regionales, nacionales, europeos y extra-UE, destinado a la difusi\u00f3n&#8230;<\/p>\n","protected":false},"author":1,"featured_media":0,"parent":0,"menu_order":0,"comment_status":"closed","ping_status":"closed","template":"","meta":[],"_links":{"self":[{"href":"https:\/\/web.unibas.it\/begin\/index.php?rest_route=\/wp\/v2\/pages\/478"}],"collection":[{"href":"https:\/\/web.unibas.it\/begin\/index.php?rest_route=\/wp\/v2\/pages"}],"about":[{"href":"https:\/\/web.unibas.it\/begin\/index.php?rest_route=\/wp\/v2\/types\/page"}],"author":[{"embeddable":true,"href":"https:\/\/web.unibas.it\/begin\/index.php?rest_route=\/wp\/v2\/users\/1"}],"replies":[{"embeddable":true,"href":"https:\/\/web.unibas.it\/begin\/index.php?rest_route=%2Fwp%2Fv2%2Fcomments&post=478"}],"version-history":[{"count":4,"href":"https:\/\/web.unibas.it\/begin\/index.php?rest_route=\/wp\/v2\/pages\/478\/revisions"}],"predecessor-version":[{"id":625,"href":"https:\/\/web.unibas.it\/begin\/index.php?rest_route=\/wp\/v2\/pages\/478\/revisions\/625"}],"wp:attachment":[{"href":"https:\/\/web.unibas.it\/begin\/index.php?rest_route=%2Fwp%2Fv2%2Fmedia&parent=478"}],"curies":[{"name":"wp","href":"https:\/\/api.w.org\/{rel}","templated":true}]}}