{"id":469,"date":"2022-07-12T17:21:23","date_gmt":"2022-07-12T15:21:23","guid":{"rendered":"http:\/\/web.unibas.it\/begin\/?page_id=469"},"modified":"2022-10-02T18:15:10","modified_gmt":"2022-10-02T16:15:10","slug":"contexto","status":"publish","type":"page","link":"https:\/\/web.unibas.it\/begin\/?page_id=469&lang=es","title":{"rendered":"Contexto"},"content":{"rendered":"<p>Con la definici\u00f3n de una Estrategia Nacional para las zonas interiores de Italia se han sentado las bases para una acci\u00f3n estrat\u00e9gica relativa a las zonas rurales del pa\u00eds y para la promoci\u00f3n y apoyo de buenas pr\u00e1cticas para contrarrestar y para el posible, invertir los fen\u00f3menos de abandono y despoblamiento que conducen a una aceleraci\u00f3n de los procesos de degradaci\u00f3n y de desequilibrio del territorio.<\/p>\n<p>M\u00faltiples y diferentes son las causas que pueden conducir al abandono de un habitado, como:<\/p>\n<ol>\n<li>a) factores naturales (por ejemplo, terremotos, deslizamientos de tierra, inundaciones, erupciones volc\u00e1nicas, condiciones medioambientales y enfermedades),<\/li>\n<li>b) actividades humanas (por ejemplo, guerras, fluctuaciones econ\u00f3micas, aspectos demogr\u00e1ficos, traslado de poblaci\u00f3n a zonas urbanizadas, marginaci\u00f3n y aislamiento de lugares, cat\u00e1strofes tecnol\u00f3gicas e industriales).<\/li>\n<\/ol>\n<p>Durante las \u00faltimas d\u00e9cadas del siglo XX, el fen\u00f3meno hist\u00f3rico del abandono ha adquirido una gran importancia como consecuencia de los profundos cambios naturales, sociales, econ\u00f3micos y culturales que han afectado al Viejo Continente. Estos cambios han conducido a una r\u00e1pida expansi\u00f3n de los grandes centros urbanos, en detrimento tanto de los asentamientos m\u00e1s peque\u00f1os como de los pueblos rurales m\u00e1s remotos que han sido abandonados, con la consiguiente aparici\u00f3n de &#8220;pa\u00edses fantasma&#8221; o &#8220;ghost towns&#8221;. Estos adquieren un significado estad\u00edsticamente relevante sobre todo en Italia, Grecia, Irlanda, <span class=\"VIiyi\" lang=\"es\"><span class=\"JLqJ4b ChMk0b\"><span class=\"Q4iAWc\">Espa\u00f1a<\/span><\/span><\/span>, Portugal y Albania.<\/p>\n<p><span class=\"VIiyi\" lang=\"es\"><span class=\"JLqJ4b ChMk0b\"><span class=\"Q4iAWc\">Italia se encuentra entre las naciones con el mayor n\u00famero de sitios abandonados.<\/span><\/span><\/span> Tambi\u00e9n la Basilicata presenta algunos sitios que fueron abandonados a finales del siglo XIX o en el siglo XX. Se trata de abandonos parciales o totales como consecuencia de terremotos, deslizamientos de tierras, guerras y enfermedades que han causado la despoblaci\u00f3n, como por ejemplo en el caso de Alianello y Craco, en la provincia de Matera y Brienza y Campomaggiore viejo, en la provincia de Potenza.<\/p>\n","protected":false},"excerpt":{"rendered":"<p>Con la definici\u00f3n de una Estrategia Nacional para las zonas interiores de Italia se han sentado las bases para una acci\u00f3n estrat\u00e9gica relativa a las&#8230;<\/p>\n","protected":false},"author":1,"featured_media":0,"parent":0,"menu_order":0,"comment_status":"closed","ping_status":"closed","template":"","meta":[],"_links":{"self":[{"href":"https:\/\/web.unibas.it\/begin\/index.php?rest_route=\/wp\/v2\/pages\/469"}],"collection":[{"href":"https:\/\/web.unibas.it\/begin\/index.php?rest_route=\/wp\/v2\/pages"}],"about":[{"href":"https:\/\/web.unibas.it\/begin\/index.php?rest_route=\/wp\/v2\/types\/page"}],"author":[{"embeddable":true,"href":"https:\/\/web.unibas.it\/begin\/index.php?rest_route=\/wp\/v2\/users\/1"}],"replies":[{"embeddable":true,"href":"https:\/\/web.unibas.it\/begin\/index.php?rest_route=%2Fwp%2Fv2%2Fcomments&post=469"}],"version-history":[{"count":3,"href":"https:\/\/web.unibas.it\/begin\/index.php?rest_route=\/wp\/v2\/pages\/469\/revisions"}],"predecessor-version":[{"id":619,"href":"https:\/\/web.unibas.it\/begin\/index.php?rest_route=\/wp\/v2\/pages\/469\/revisions\/619"}],"wp:attachment":[{"href":"https:\/\/web.unibas.it\/begin\/index.php?rest_route=%2Fwp%2Fv2%2Fmedia&parent=469"}],"curies":[{"name":"wp","href":"https:\/\/api.w.org\/{rel}","templated":true}]}}